{"id":5841,"date":"2025-04-01T09:57:56","date_gmt":"2025-04-01T09:57:56","guid":{"rendered":"https:\/\/kaashandel-enschede.nl\/?post_type=product&#038;p=5841"},"modified":"2025-04-10T14:28:24","modified_gmt":"2025-04-10T14:28:24","slug":"belegen","status":"publish","type":"product","link":"https:\/\/kaashandel-enschede.nl\/de\/product\/belegen\/","title":{"rendered":"Belegen"},"content":{"rendered":"<p class=\"\" data-start=\"71\" data-end=\"94\"><strong data-start=\"71\" data-end=\"94\">\u201eFrisch vom Messer\u201c<\/strong><\/p>\n<p class=\"\" data-start=\"96\" data-end=\"127\"><strong data-start=\"96\" data-end=\"127\">\u201eMit einem Wort: k\u00f6stlich!\u201c<\/strong><\/p>\n<p class=\"\" data-start=\"129\" data-end=\"540\">Guter Belegen-K\u00e4se, so lecker kann er sein! Einfach ein k\u00f6stliches St\u00fcck K\u00e4se mit diesem charakteristischen, vollen Geschmack. Dieser holl\u00e4ndische K\u00e4se reift etwa vier Monate und wird regelm\u00e4\u00dfig gewendet und wieder auf die Holzregale gelegt. Wenn der K\u00e4se lange genug gereift ist, ist er bereit, angeschnitten zu werden. Frisch vom Messer schmeckt er am besten \u2013 und genau so bekommen Sie ihn nat\u00fcrlich bei uns!<\/p>\n<p class=\"\" data-start=\"542\" data-end=\"713\"><strong data-start=\"542\" data-end=\"565\">Zutaten (48+ K\u00e4se):<\/strong><br data-start=\"565\" data-end=\"568\" \/>Pasteurisierte <strong data-start=\"583\" data-end=\"595\">Kuhmilch<\/strong>, <strong data-start=\"597\" data-end=\"605\">Salz<\/strong>, <strong data-start=\"607\" data-end=\"628\">S\u00e4uerungskulturen<\/strong>, <strong data-start=\"630\" data-end=\"637\">Lab<\/strong>, <strong data-start=\"639\" data-end=\"662\">Konservierungsstoff<\/strong>: Natriumnitrat (E251), <strong data-start=\"686\" data-end=\"699\">Farbstoff<\/strong>: Beta-Carotin<\/p>\n<p class=\"\" data-start=\"715\" data-end=\"744\"><strong data-start=\"715\" data-end=\"729\">Allergene:<\/strong><br data-start=\"729\" data-end=\"732\" \/><strong data-start=\"732\" data-end=\"744\">Kuhmilch<\/strong><\/p>\n<p class=\"\" data-start=\"746\" data-end=\"897\"><strong data-start=\"746\" data-end=\"789\">N\u00e4hrwerte (durchschnittlich pro 100 g):<\/strong><br data-start=\"789\" data-end=\"792\" \/>Energie: 1660 kJ \/ 401 kcal<br data-start=\"819\" data-end=\"822\" \/>Eiwei\u00df: 25,4 g<br data-start=\"836\" data-end=\"839\" \/>Kohlenhydrate: 0,1 g<br data-start=\"859\" data-end=\"862\" \/>Fett absolut: 32,1 g<br data-start=\"882\" data-end=\"885\" \/>Salz: 1,90 g<\/p>\n<p class=\"\" data-start=\"899\" data-end=\"1029\">Durch die Naturbelassenheit des K\u00e4ses, die nat\u00fcrliche Reifung und saisonale Einfl\u00fcsse k\u00f6nnen Schwankungen in den Werten auftreten.<\/p>\n","protected":false},"excerpt":{"rendered":"<div class=\"wp-block-column\">\n<div class=\"wp-block-column\">\n<div class=\"wp-block-column\">\n<p class=\"\" data-start=\"71\" data-end=\"94\"><strong data-start=\"71\" data-end=\"94\">\u201eFrisch vom Messer\u201c<\/strong><\/p>\n<p class=\"\" data-start=\"96\" data-end=\"127\"><strong data-start=\"96\" data-end=\"127\">\u201eMit einem Wort: k\u00f6stlich!\u201c<\/strong><\/p>\n<p class=\"\" data-start=\"129\" data-end=\"540\">Guter Belegen-K\u00e4se, so lecker kann er sein! Einfach ein k\u00f6stliches St\u00fcck K\u00e4se mit diesem charakteristischen, vollen Geschmack. Dieser holl\u00e4ndische K\u00e4se reift etwa vier Monate und wird regelm\u00e4\u00dfig gewendet und wieder auf die Holzregale gelegt. Wenn der K\u00e4se lange genug gereift ist, ist er bereit, angeschnitten zu werden. Frisch vom Messer schmeckt er am besten \u2013 und genau so bekommen Sie ihn nat\u00fcrlich bei uns!<\/p>\n<\/div>\n<\/div>\n<\/div>\n","protected":false},"featured_media":5593,"template":"","meta":{"_acf_changed":false},"etheme_brands":[],"product_brand":[],"product_cat":[40],"product_tag":[],"class_list":{"0":"post-5841","1":"product","2":"type-product","3":"status-publish","4":"has-post-thumbnail","6":"product_cat-gouda-kase","8":"first","9":"instock","10":"taxable","11":"shipping-taxable","12":"purchasable","13":"product-type-variable","14":"has-default-attributes"},"acf":[],"jetpack_sharing_enabled":true,"_links":{"self":[{"href":"https:\/\/kaashandel-enschede.nl\/de\/wp-json\/wp\/v2\/product\/5841","targetHints":{"allow":["GET"]}}],"collection":[{"href":"https:\/\/kaashandel-enschede.nl\/de\/wp-json\/wp\/v2\/product"}],"about":[{"href":"https:\/\/kaashandel-enschede.nl\/de\/wp-json\/wp\/v2\/types\/product"}],"version-history":[{"count":2,"href":"https:\/\/kaashandel-enschede.nl\/de\/wp-json\/wp\/v2\/product\/5841\/revisions"}],"predecessor-version":[{"id":5875,"href":"https:\/\/kaashandel-enschede.nl\/de\/wp-json\/wp\/v2\/product\/5841\/revisions\/5875"}],"wp:featuredmedia":[{"embeddable":true,"href":"https:\/\/kaashandel-enschede.nl\/de\/wp-json\/wp\/v2\/media\/5593"}],"wp:attachment":[{"href":"https:\/\/kaashandel-enschede.nl\/de\/wp-json\/wp\/v2\/media?parent=5841"}],"wp:term":[{"taxonomy":"brand","embeddable":true,"href":"https:\/\/kaashandel-enschede.nl\/de\/wp-json\/wp\/v2\/etheme_brands?post=5841"},{"taxonomy":"product_brand","embeddable":true,"href":"https:\/\/kaashandel-enschede.nl\/de\/wp-json\/wp\/v2\/product_brand?post=5841"},{"taxonomy":"product_cat","embeddable":true,"href":"https:\/\/kaashandel-enschede.nl\/de\/wp-json\/wp\/v2\/product_cat?post=5841"},{"taxonomy":"product_tag","embeddable":true,"href":"https:\/\/kaashandel-enschede.nl\/de\/wp-json\/wp\/v2\/product_tag?post=5841"}],"curies":[{"name":"wp","href":"https:\/\/api.w.org\/{rel}","templated":true}]}}