{"id":5840,"date":"2025-04-01T09:57:56","date_gmt":"2025-04-01T09:57:56","guid":{"rendered":"https:\/\/kaashandel-enschede.nl\/?post_type=product&#038;p=5840"},"modified":"2025-04-10T14:27:18","modified_gmt":"2025-04-10T14:27:18","slug":"jung-belegen","status":"publish","type":"product","link":"https:\/\/kaashandel-enschede.nl\/de\/product\/jung-belegen\/","title":{"rendered":"Jung Belegen"},"content":{"rendered":"<p class=\"\" data-start=\"76\" data-end=\"97\"><strong data-start=\"76\" data-end=\"97\">\u201eHerrlich cremig\u201c<\/strong><\/p>\n<p class=\"\" data-start=\"99\" data-end=\"134\"><strong data-start=\"99\" data-end=\"134\">\u201eEtwas intensiver im Geschmack\u201c<\/strong><\/p>\n<p class=\"\" data-start=\"136\" data-end=\"443\">Wenn Sie reifen K\u00e4se m\u00f6gen, ihn aber nicht zu scharf bevorzugen, dann ist unser <strong data-start=\"216\" data-end=\"237\">Jung Belegen K\u00e4se<\/strong> genau das Richtige f\u00fcr Sie. Dieser sch\u00f6ne, goldgelbe K\u00e4se wird mit viel Liebe aus der frischen Milch von K\u00fchen hergestellt, die auf den niederl\u00e4ndischen Wiesen grasen. Schmecken Sie den Geschmack Hollands!<\/p>\n<p class=\"\" data-start=\"445\" data-end=\"616\"><strong data-start=\"445\" data-end=\"468\">Zutaten (48+ K\u00e4se):<\/strong><br data-start=\"468\" data-end=\"471\" \/>Pasteurisierte <strong data-start=\"486\" data-end=\"498\">Kuhmilch<\/strong>, <strong data-start=\"500\" data-end=\"508\">Salz<\/strong>, <strong data-start=\"510\" data-end=\"531\">S\u00e4uerungskulturen<\/strong>, <strong data-start=\"533\" data-end=\"540\">Lab<\/strong>, <strong data-start=\"542\" data-end=\"565\">Konservierungsstoff<\/strong>: Natriumnitrat (E251), <strong data-start=\"589\" data-end=\"602\">Farbstoff<\/strong>: Beta-Carotin<\/p>\n<p class=\"\" data-start=\"618\" data-end=\"647\"><strong data-start=\"618\" data-end=\"632\">Allergene:<\/strong><br data-start=\"632\" data-end=\"635\" \/><strong data-start=\"635\" data-end=\"647\">Kuhmilch<\/strong><\/p>\n<p class=\"\" data-start=\"649\" data-end=\"798\"><strong data-start=\"649\" data-end=\"692\">N\u00e4hrwerte (durchschnittlich pro 100 g):<\/strong><br data-start=\"692\" data-end=\"695\" \/>Energie: 1600 kJ \/ 385 kcal<br data-start=\"722\" data-end=\"725\" \/>Eiwei\u00df: 24,3 g<br data-start=\"739\" data-end=\"742\" \/>Kohlenhydrate: 0,1 g<br data-start=\"762\" data-end=\"765\" \/>Fett absolut: 31 g<br data-start=\"783\" data-end=\"786\" \/>Salz: 1,80 g<\/p>\n<p class=\"\" data-start=\"800\" data-end=\"930\">Durch die Naturbelassenheit des K\u00e4ses, die nat\u00fcrliche Reifung und saisonale Einfl\u00fcsse k\u00f6nnen Schwankungen in den Werten auftreten.<\/p>\n","protected":false},"excerpt":{"rendered":"<div class=\"wp-block-column\">\n<div class=\"wp-block-column\">\n<p class=\"\" data-start=\"99\" data-end=\"134\"><strong data-start=\"99\" data-end=\"134\">\u201eEtwas intensiver im Geschmack\u201c<\/strong><\/p>\n<p class=\"\" data-start=\"136\" data-end=\"443\">Wenn Sie reifen K\u00e4se m\u00f6gen, ihn aber nicht zu scharf bevorzugen, dann ist unser <strong data-start=\"216\" data-end=\"237\">Jung Belegen K\u00e4se<\/strong> genau das Richtige f\u00fcr Sie. Dieser sch\u00f6ne, goldgelbe K\u00e4se wird mit viel Liebe aus der frischen Milch von K\u00fchen hergestellt, die auf den niederl\u00e4ndischen Wiesen grasen. Schmecken Sie den Geschmack Hollands!<\/p>\n<\/div>\n<\/div>\n","protected":false},"featured_media":5590,"template":"","meta":{"_acf_changed":false},"etheme_brands":[],"product_brand":[],"product_cat":[40],"product_tag":[],"class_list":{"0":"post-5840","1":"product","2":"type-product","3":"status-publish","4":"has-post-thumbnail","6":"product_cat-gouda-kase","8":"first","9":"instock","10":"taxable","11":"shipping-taxable","12":"purchasable","13":"product-type-variable","14":"has-default-attributes"},"acf":[],"jetpack_sharing_enabled":true,"_links":{"self":[{"href":"https:\/\/kaashandel-enschede.nl\/de\/wp-json\/wp\/v2\/product\/5840","targetHints":{"allow":["GET"]}}],"collection":[{"href":"https:\/\/kaashandel-enschede.nl\/de\/wp-json\/wp\/v2\/product"}],"about":[{"href":"https:\/\/kaashandel-enschede.nl\/de\/wp-json\/wp\/v2\/types\/product"}],"version-history":[{"count":1,"href":"https:\/\/kaashandel-enschede.nl\/de\/wp-json\/wp\/v2\/product\/5840\/revisions"}],"predecessor-version":[{"id":5870,"href":"https:\/\/kaashandel-enschede.nl\/de\/wp-json\/wp\/v2\/product\/5840\/revisions\/5870"}],"wp:featuredmedia":[{"embeddable":true,"href":"https:\/\/kaashandel-enschede.nl\/de\/wp-json\/wp\/v2\/media\/5590"}],"wp:attachment":[{"href":"https:\/\/kaashandel-enschede.nl\/de\/wp-json\/wp\/v2\/media?parent=5840"}],"wp:term":[{"taxonomy":"brand","embeddable":true,"href":"https:\/\/kaashandel-enschede.nl\/de\/wp-json\/wp\/v2\/etheme_brands?post=5840"},{"taxonomy":"product_brand","embeddable":true,"href":"https:\/\/kaashandel-enschede.nl\/de\/wp-json\/wp\/v2\/product_brand?post=5840"},{"taxonomy":"product_cat","embeddable":true,"href":"https:\/\/kaashandel-enschede.nl\/de\/wp-json\/wp\/v2\/product_cat?post=5840"},{"taxonomy":"product_tag","embeddable":true,"href":"https:\/\/kaashandel-enschede.nl\/de\/wp-json\/wp\/v2\/product_tag?post=5840"}],"curies":[{"name":"wp","href":"https:\/\/api.w.org\/{rel}","templated":true}]}}