{"id":5839,"date":"2025-04-01T09:57:56","date_gmt":"2025-04-01T09:57:56","guid":{"rendered":"https:\/\/kaashandel-enschede.nl\/?post_type=product&#038;p=5839"},"modified":"2025-04-10T14:26:14","modified_gmt":"2025-04-10T14:26:14","slug":"junger-kaese-cremig","status":"publish","type":"product","link":"https:\/\/kaashandel-enschede.nl\/de\/product\/junger-kaese-cremig\/","title":{"rendered":"Junger K\u00e4se Cremig"},"content":{"rendered":"<p class=\"\" data-start=\"82\" data-end=\"103\"><strong data-start=\"82\" data-end=\"103\">\u201eZart und cremig\u201c<\/strong><\/p>\n<p class=\"\" data-start=\"105\" data-end=\"141\"><strong data-start=\"105\" data-end=\"141\">\u201eDer k\u00f6stliche, junge Geschmack\u201c<\/strong><\/p>\n<p class=\"\" data-start=\"143\" data-end=\"603\">Liebhaber von jungem K\u00e4se aufgepasst, dies wird Ihr neuer Favorit! <strong data-start=\"210\" data-end=\"233\">Daalder Junger K\u00e4se<\/strong> ist nur vier Wochen alt. Durch die kurze Reifezeit bleibt die Milch weich, was f\u00fcr einen k\u00f6stlich cremigen Geschmack sorgt. Dieser K\u00e4se wird zu 100 % aus holl\u00e4ndischer Milch hergestellt. Nat\u00fcrlich schneiden wir ihn frisch vom Messer, genau wie bei all unseren K\u00e4sesorten. So k\u00f6nnen Sie sicher sein, dass Sie ein frisches St\u00fcck K\u00e4se mit dem perfekten Geschmack erhalten.<\/p>\n<p class=\"\" data-start=\"605\" data-end=\"776\"><strong data-start=\"605\" data-end=\"628\">Zutaten (48+ K\u00e4se):<\/strong><br data-start=\"628\" data-end=\"631\" \/>Pasteurisierte <strong data-start=\"646\" data-end=\"658\">Kuhmilch<\/strong>, <strong data-start=\"660\" data-end=\"668\">Salz<\/strong>, <strong data-start=\"670\" data-end=\"691\">S\u00e4uerungskulturen<\/strong>, <strong data-start=\"693\" data-end=\"700\">Lab<\/strong>, <strong data-start=\"702\" data-end=\"725\">Konservierungsstoff<\/strong>: Natriumnitrat (E251), <strong data-start=\"749\" data-end=\"762\">Farbstoff<\/strong>: Beta-Carotin<\/p>\n<p class=\"\" data-start=\"778\" data-end=\"807\"><strong data-start=\"778\" data-end=\"792\">Allergene:<\/strong><br data-start=\"792\" data-end=\"795\" \/><strong data-start=\"795\" data-end=\"807\">Kuhmilch<\/strong><\/p>\n<p class=\"\" data-start=\"809\" data-end=\"958\"><strong data-start=\"809\" data-end=\"852\">N\u00e4hrwerte (durchschnittlich pro 100 g):<\/strong><br data-start=\"852\" data-end=\"855\" \/>Energie: 1560 kJ \/ 375 kcal<br data-start=\"882\" data-end=\"885\" \/>Eiwei\u00df: 24 g<br data-start=\"897\" data-end=\"900\" \/>Kohlenhydrate: 0,1 g<br data-start=\"920\" data-end=\"923\" \/>Fett absolut: 30,8 g<br data-start=\"943\" data-end=\"946\" \/>Salz: 1,75 g<\/p>\n<p class=\"\" data-start=\"960\" data-end=\"1090\">Durch die Naturbelassenheit des K\u00e4ses, die nat\u00fcrliche Reifung und saisonale Einfl\u00fcsse k\u00f6nnen Schwankungen in den Werten auftreten.<\/p>\n","protected":false},"excerpt":{"rendered":"<div class=\"wp-block-column\">\n<p class=\"\" data-start=\"82\" data-end=\"103\"><strong data-start=\"82\" data-end=\"103\">\u201eZart und cremig\u201c<\/strong><\/p>\n<p class=\"\" data-start=\"105\" data-end=\"141\"><strong data-start=\"105\" data-end=\"141\">\u201eDer k\u00f6stliche, junge Geschmack\u201c<\/strong><\/p>\n<p class=\"\" data-start=\"143\" data-end=\"603\">Liebhaber von jungem K\u00e4se aufgepasst, dies wird Ihr neuer Favorit! <strong data-start=\"210\" data-end=\"233\">Daalder Junger K\u00e4se<\/strong> ist nur vier Wochen alt. Durch die kurze Reifezeit bleibt die Milch weich, was f\u00fcr einen k\u00f6stlich cremigen Geschmack sorgt. Dieser K\u00e4se wird zu 100 % aus holl\u00e4ndischer Milch hergestellt. Nat\u00fcrlich schneiden wir ihn frisch vom Messer, genau wie bei all unseren K\u00e4sesorten. So k\u00f6nnen Sie sicher sein, dass Sie ein frisches St\u00fcck K\u00e4se mit dem perfekten Geschmack erhalten.<\/p>\n<\/div>\n","protected":false},"featured_media":5589,"template":"","meta":{"_acf_changed":false},"etheme_brands":[],"product_brand":[],"product_cat":[40],"product_tag":[],"class_list":{"0":"post-5839","1":"product","2":"type-product","3":"status-publish","4":"has-post-thumbnail","6":"product_cat-gouda-kase","8":"first","9":"instock","10":"taxable","11":"shipping-taxable","12":"purchasable","13":"product-type-variable","14":"has-default-attributes"},"acf":[],"jetpack_sharing_enabled":true,"_links":{"self":[{"href":"https:\/\/kaashandel-enschede.nl\/de\/wp-json\/wp\/v2\/product\/5839","targetHints":{"allow":["GET"]}}],"collection":[{"href":"https:\/\/kaashandel-enschede.nl\/de\/wp-json\/wp\/v2\/product"}],"about":[{"href":"https:\/\/kaashandel-enschede.nl\/de\/wp-json\/wp\/v2\/types\/product"}],"version-history":[{"count":1,"href":"https:\/\/kaashandel-enschede.nl\/de\/wp-json\/wp\/v2\/product\/5839\/revisions"}],"predecessor-version":[{"id":5866,"href":"https:\/\/kaashandel-enschede.nl\/de\/wp-json\/wp\/v2\/product\/5839\/revisions\/5866"}],"wp:featuredmedia":[{"embeddable":true,"href":"https:\/\/kaashandel-enschede.nl\/de\/wp-json\/wp\/v2\/media\/5589"}],"wp:attachment":[{"href":"https:\/\/kaashandel-enschede.nl\/de\/wp-json\/wp\/v2\/media?parent=5839"}],"wp:term":[{"taxonomy":"brand","embeddable":true,"href":"https:\/\/kaashandel-enschede.nl\/de\/wp-json\/wp\/v2\/etheme_brands?post=5839"},{"taxonomy":"product_brand","embeddable":true,"href":"https:\/\/kaashandel-enschede.nl\/de\/wp-json\/wp\/v2\/product_brand?post=5839"},{"taxonomy":"product_cat","embeddable":true,"href":"https:\/\/kaashandel-enschede.nl\/de\/wp-json\/wp\/v2\/product_cat?post=5839"},{"taxonomy":"product_tag","embeddable":true,"href":"https:\/\/kaashandel-enschede.nl\/de\/wp-json\/wp\/v2\/product_tag?post=5839"}],"curies":[{"name":"wp","href":"https:\/\/api.w.org\/{rel}","templated":true}]}}