{"id":5837,"date":"2025-04-01T09:57:57","date_gmt":"2025-04-01T09:57:57","guid":{"rendered":"https:\/\/kaashandel-enschede.nl\/?post_type=product&#038;p=5837"},"modified":"2025-04-10T14:22:19","modified_gmt":"2025-04-10T14:22:19","slug":"daaldammer","status":"publish","type":"product","link":"https:\/\/kaashandel-enschede.nl\/de\/product\/daaldammer\/","title":{"rendered":"DaalDammer"},"content":{"rendered":"<p class=\"\" data-start=\"74\" data-end=\"92\"><strong data-start=\"74\" data-end=\"92\">\u201eGro\u00dfe L\u00f6cher\u201c<\/strong><\/p>\n<p class=\"\" data-start=\"94\" data-end=\"109\"><strong data-start=\"94\" data-end=\"109\">\u201eGenie\u00dfen!\u201c<\/strong><\/p>\n<p class=\"\" data-start=\"111\" data-end=\"484\">Unser <strong data-start=\"117\" data-end=\"131\">DaalDammer<\/strong> ist ein einzigartiges St\u00fcck K\u00e4se, das nach einer speziellen Methode hergestellt wird. Nat\u00fcrlich ein \u00e4u\u00dferst geheimes Verfahren, aber wir k\u00f6nnen sagen, dass die gro\u00dfen L\u00f6cher in diesem K\u00e4se ihm einen besonders milden und nussigen Geschmack verleihen. Zudem l\u00e4sst sich der K\u00e4se hervorragend schmelzen, was den <strong data-start=\"440\" data-end=\"454\">DaalDammer<\/strong> perfekt f\u00fcr K\u00e4sefondue macht.<\/p>\n<p class=\"\" data-start=\"486\" data-end=\"628\"><strong data-start=\"486\" data-end=\"509\">Zutaten (45+ K\u00e4se):<\/strong><br data-start=\"509\" data-end=\"512\" \/>Pasteurisierte <strong data-start=\"527\" data-end=\"539\">Kuhmilch<\/strong>, <strong data-start=\"541\" data-end=\"549\">Salz<\/strong>, <strong data-start=\"551\" data-end=\"572\">S\u00e4uerungskulturen<\/strong>, <strong data-start=\"574\" data-end=\"581\">Lab<\/strong>, <strong data-start=\"583\" data-end=\"606\">Konservierungsstoff<\/strong>: Natriumnitrat (E251)<\/p>\n<p class=\"\" data-start=\"630\" data-end=\"659\"><strong data-start=\"630\" data-end=\"644\">Allergene:<\/strong><br data-start=\"644\" data-end=\"647\" \/><strong data-start=\"647\" data-end=\"659\">Kuhmilch<\/strong><\/p>\n<p class=\"\" data-start=\"661\" data-end=\"812\"><strong data-start=\"661\" data-end=\"704\">N\u00e4hrwerte (durchschnittlich pro 100 g):<\/strong><br data-start=\"704\" data-end=\"707\" \/>Energie: 1448 kJ \/ 360 kcal<br data-start=\"734\" data-end=\"737\" \/>Eiwei\u00df: 27,5 g<br data-start=\"751\" data-end=\"754\" \/>Kohlenhydrate: 0,1 g<br data-start=\"774\" data-end=\"777\" \/>Fett absolut: 28,5 g<br data-start=\"797\" data-end=\"800\" \/>Salz: 1,22 g<\/p>\n<p class=\"\" data-start=\"814\" data-end=\"944\">Durch die Naturbelassenheit des K\u00e4ses, die nat\u00fcrliche Reifung und saisonale Einfl\u00fcsse k\u00f6nnen Schwankungen in den Werten auftreten.<\/p>\n","protected":false},"excerpt":{"rendered":"<div class=\"wp-block-column\">\n<div class=\"wp-block-column\">\n<p class=\"\" data-start=\"74\" data-end=\"92\"><strong data-start=\"74\" data-end=\"92\">\u201eGro\u00dfe L\u00f6cher\u201c<\/strong><\/p>\n<p class=\"\" data-start=\"94\" data-end=\"109\"><strong data-start=\"94\" data-end=\"109\">\u201eGenie\u00dfen!\u201c<\/strong><\/p>\n<p class=\"\" data-start=\"111\" data-end=\"484\">Unser <strong data-start=\"117\" data-end=\"131\">DaalDammer<\/strong> ist ein einzigartiges St\u00fcck K\u00e4se, das nach einer speziellen Methode hergestellt wird. Nat\u00fcrlich ein \u00e4u\u00dferst geheimes Verfahren, aber wir k\u00f6nnen sagen, dass die gro\u00dfen L\u00f6cher in diesem K\u00e4se ihm einen besonders milden und nussigen Geschmack verleihen. Zudem l\u00e4sst sich der K\u00e4se hervorragend schmelzen, was den <strong data-start=\"440\" data-end=\"454\">DaalDammer<\/strong> perfekt f\u00fcr K\u00e4sefondue macht.<\/p>\n<\/div>\n<\/div>\n","protected":false},"featured_media":5598,"template":"","meta":{"_acf_changed":false},"etheme_brands":[],"product_brand":[],"product_cat":[40],"product_tag":[],"class_list":{"0":"post-5837","1":"product","2":"type-product","3":"status-publish","4":"has-post-thumbnail","6":"product_cat-gouda-kase","8":"first","9":"instock","10":"taxable","11":"shipping-taxable","12":"purchasable","13":"product-type-variable","14":"has-default-attributes"},"acf":[],"jetpack_sharing_enabled":true,"_links":{"self":[{"href":"https:\/\/kaashandel-enschede.nl\/de\/wp-json\/wp\/v2\/product\/5837","targetHints":{"allow":["GET"]}}],"collection":[{"href":"https:\/\/kaashandel-enschede.nl\/de\/wp-json\/wp\/v2\/product"}],"about":[{"href":"https:\/\/kaashandel-enschede.nl\/de\/wp-json\/wp\/v2\/types\/product"}],"version-history":[{"count":1,"href":"https:\/\/kaashandel-enschede.nl\/de\/wp-json\/wp\/v2\/product\/5837\/revisions"}],"predecessor-version":[{"id":5858,"href":"https:\/\/kaashandel-enschede.nl\/de\/wp-json\/wp\/v2\/product\/5837\/revisions\/5858"}],"wp:featuredmedia":[{"embeddable":true,"href":"https:\/\/kaashandel-enschede.nl\/de\/wp-json\/wp\/v2\/media\/5598"}],"wp:attachment":[{"href":"https:\/\/kaashandel-enschede.nl\/de\/wp-json\/wp\/v2\/media?parent=5837"}],"wp:term":[{"taxonomy":"brand","embeddable":true,"href":"https:\/\/kaashandel-enschede.nl\/de\/wp-json\/wp\/v2\/etheme_brands?post=5837"},{"taxonomy":"product_brand","embeddable":true,"href":"https:\/\/kaashandel-enschede.nl\/de\/wp-json\/wp\/v2\/product_brand?post=5837"},{"taxonomy":"product_cat","embeddable":true,"href":"https:\/\/kaashandel-enschede.nl\/de\/wp-json\/wp\/v2\/product_cat?post=5837"},{"taxonomy":"product_tag","embeddable":true,"href":"https:\/\/kaashandel-enschede.nl\/de\/wp-json\/wp\/v2\/product_tag?post=5837"}],"curies":[{"name":"wp","href":"https:\/\/api.w.org\/{rel}","templated":true}]}}