{"id":5836,"date":"2025-04-01T09:57:57","date_gmt":"2025-04-01T09:57:57","guid":{"rendered":"https:\/\/kaashandel-enschede.nl\/?post_type=product&#038;p=5836"},"modified":"2025-04-10T14:21:14","modified_gmt":"2025-04-10T14:21:14","slug":"graskaese","status":"publish","type":"product","link":"https:\/\/kaashandel-enschede.nl\/de\/product\/graskaese\/","title":{"rendered":"Grask\u00e4se"},"content":{"rendered":"<p class=\"\" data-start=\"72\" data-end=\"114\"><strong data-start=\"72\" data-end=\"114\">\u201eVon Mitte Mai bis Oktober erh\u00e4ltlich\u201c<\/strong><\/p>\n<p class=\"\" data-start=\"116\" data-end=\"150\"><strong data-start=\"116\" data-end=\"150\">\u201eEin Genuss zum Gl\u00fccklichsein\u201c<\/strong><\/p>\n<p class=\"\" data-start=\"152\" data-end=\"671\">Nachdem die erste Ernte des jungen Grases eingebracht und die K\u00fche wieder fr\u00f6hlich auf der Weide grasen k\u00f6nnen, dauert es nicht mehr lange, bis unser <strong data-start=\"302\" data-end=\"314\">Grask\u00e4se<\/strong> im Handel erh\u00e4ltlich ist. So gl\u00fccklich wie die K\u00fche \u00fcber das frische Gras sind, wirst du auch von <strong data-start=\"413\" data-end=\"433\">Daalder Grask\u00e4se<\/strong> gl\u00fccklich. Der K\u00e4se ist nicht nur lecker, sondern auch gesund aufgrund des hohen Gehalts an mehrfach unges\u00e4ttigten Fetts\u00e4uren. Kenner erkennen Grask\u00e4se sofort \u2013 das liegt an seinem milden, zarten Geschmack und der geschmeidigen Struktur.<\/p>\n<p class=\"\" data-start=\"673\" data-end=\"844\"><strong data-start=\"673\" data-end=\"696\">Zutaten (48+ K\u00e4se):<\/strong><br data-start=\"696\" data-end=\"699\" \/>Pasteurisierte <strong data-start=\"714\" data-end=\"726\">Kuhmilch<\/strong>, <strong data-start=\"728\" data-end=\"736\">Salz<\/strong>, <strong data-start=\"738\" data-end=\"759\">S\u00e4uerungskulturen<\/strong>, <strong data-start=\"761\" data-end=\"768\">Lab<\/strong>, <strong data-start=\"770\" data-end=\"793\">Konservierungsstoff<\/strong>: Natriumnitrat (E251), <strong data-start=\"817\" data-end=\"830\">Farbstoff<\/strong>: Beta-Carotin<\/p>\n<p class=\"\" data-start=\"846\" data-end=\"875\"><strong data-start=\"846\" data-end=\"860\">Allergene:<\/strong><br data-start=\"860\" data-end=\"863\" \/><strong data-start=\"863\" data-end=\"875\">Kuhmilch<\/strong><\/p>\n<p class=\"\" data-start=\"877\" data-end=\"1026\"><strong data-start=\"877\" data-end=\"920\">N\u00e4hrwerte (durchschnittlich pro 100 g):<\/strong><br data-start=\"920\" data-end=\"923\" \/>Energie: 1560 kJ \/ 375 kcal<br data-start=\"950\" data-end=\"953\" \/>Eiwei\u00df: 24 g<br data-start=\"965\" data-end=\"968\" \/>Kohlenhydrate: 0,1 g<br data-start=\"988\" data-end=\"991\" \/>Fett absolut: 30,8 g<br data-start=\"1011\" data-end=\"1014\" \/>Salz: 1,75 g<\/p>\n<p class=\"\" data-start=\"1028\" data-end=\"1158\">Durch die Naturbelassenheit des K\u00e4ses, die nat\u00fcrliche Reifung und saisonale Einfl\u00fcsse k\u00f6nnen Schwankungen in den Werten auftreten.<\/p>\n","protected":false},"excerpt":{"rendered":"<div class=\"wp-block-column\">\n<div class=\"wp-block-column\">\n<div class=\"wp-block-column\">\n<p class=\"\" data-start=\"72\" data-end=\"114\"><strong data-start=\"72\" data-end=\"114\">\u201eVon Mitte Mai bis Oktober erh\u00e4ltlich\u201c<\/strong><\/p>\n<p class=\"\" data-start=\"116\" data-end=\"150\"><strong data-start=\"116\" data-end=\"150\">\u201eEin Genuss zum Gl\u00fccklichsein\u201c<\/strong><\/p>\n<p class=\"\" data-start=\"152\" data-end=\"671\">Nachdem die erste Ernte des jungen Grases eingebracht und die K\u00fche wieder fr\u00f6hlich auf der Weide grasen k\u00f6nnen, dauert es nicht mehr lange, bis unser <strong data-start=\"302\" data-end=\"314\">Grask\u00e4se<\/strong> im Handel erh\u00e4ltlich ist. So gl\u00fccklich wie die K\u00fche \u00fcber das frische Gras sind, wirst du auch von <strong data-start=\"413\" data-end=\"433\">Daalder Grask\u00e4se<\/strong> gl\u00fccklich. Der K\u00e4se ist nicht nur lecker, sondern auch gesund aufgrund des hohen Gehalts an mehrfach unges\u00e4ttigten Fetts\u00e4uren. Kenner erkennen Grask\u00e4se sofort \u2013 das liegt an seinem milden, zarten Geschmack und der geschmeidigen Struktur.<\/p>\n<\/div>\n<\/div>\n<\/div>\n","protected":false},"featured_media":5588,"template":"","meta":{"_acf_changed":false},"etheme_brands":[],"product_brand":[],"product_cat":[40],"product_tag":[],"class_list":{"0":"post-5836","1":"product","2":"type-product","3":"status-publish","4":"has-post-thumbnail","6":"product_cat-gouda-kase","8":"first","9":"outofstock","10":"taxable","11":"shipping-taxable","12":"purchasable","13":"product-type-variable","14":"has-default-attributes"},"acf":[],"jetpack_sharing_enabled":true,"_links":{"self":[{"href":"https:\/\/kaashandel-enschede.nl\/de\/wp-json\/wp\/v2\/product\/5836","targetHints":{"allow":["GET"]}}],"collection":[{"href":"https:\/\/kaashandel-enschede.nl\/de\/wp-json\/wp\/v2\/product"}],"about":[{"href":"https:\/\/kaashandel-enschede.nl\/de\/wp-json\/wp\/v2\/types\/product"}],"version-history":[{"count":1,"href":"https:\/\/kaashandel-enschede.nl\/de\/wp-json\/wp\/v2\/product\/5836\/revisions"}],"predecessor-version":[{"id":5854,"href":"https:\/\/kaashandel-enschede.nl\/de\/wp-json\/wp\/v2\/product\/5836\/revisions\/5854"}],"wp:featuredmedia":[{"embeddable":true,"href":"https:\/\/kaashandel-enschede.nl\/de\/wp-json\/wp\/v2\/media\/5588"}],"wp:attachment":[{"href":"https:\/\/kaashandel-enschede.nl\/de\/wp-json\/wp\/v2\/media?parent=5836"}],"wp:term":[{"taxonomy":"brand","embeddable":true,"href":"https:\/\/kaashandel-enschede.nl\/de\/wp-json\/wp\/v2\/etheme_brands?post=5836"},{"taxonomy":"product_brand","embeddable":true,"href":"https:\/\/kaashandel-enschede.nl\/de\/wp-json\/wp\/v2\/product_brand?post=5836"},{"taxonomy":"product_cat","embeddable":true,"href":"https:\/\/kaashandel-enschede.nl\/de\/wp-json\/wp\/v2\/product_cat?post=5836"},{"taxonomy":"product_tag","embeddable":true,"href":"https:\/\/kaashandel-enschede.nl\/de\/wp-json\/wp\/v2\/product_tag?post=5836"}],"curies":[{"name":"wp","href":"https:\/\/api.w.org\/{rel}","templated":true}]}}