{"id":5797,"date":"2025-04-01T09:57:58","date_gmt":"2025-04-01T09:57:58","guid":{"rendered":"https:\/\/kaashandel-enschede.nl\/?post_type=product&#038;p=5797"},"modified":"2025-04-10T14:16:26","modified_gmt":"2025-04-10T14:16:26","slug":"35-leicht-gereift","status":"publish","type":"product","link":"https:\/\/kaashandel-enschede.nl\/de\/product\/35-leicht-gereift\/","title":{"rendered":"35+ Leicht Gereift"},"content":{"rendered":"<p class=\"\" data-start=\"82\" data-end=\"106\"><strong data-start=\"82\" data-end=\"106\">\u201eSpezielle Rezeptur\u201c<\/strong><\/p>\n<p class=\"\" data-start=\"108\" data-end=\"144\"><strong data-start=\"108\" data-end=\"144\">\u201eWeniger Fett, voller Geschmack\u201c<\/strong><\/p>\n<p class=\"\" data-start=\"146\" data-end=\"558\">Wir finden es wichtig, dass du guten K\u00e4se genie\u00dfen kannst. Und wir finden es auch wichtig, dass der Geschmack nicht auf der Strecke bleibt. Qualit\u00e4t steht an erster Stelle! Viele K\u00e4se mit einem niedrigeren Fettgehalt werden flacher im Geschmack, aber das wollen wir vermeiden. Unser 35+ Jung Gereifter K\u00e4se hat einen sch\u00f6nen runden Geschmack. Nicht zu stark, aber dennoch ganz eigen. Und nat\u00fcrlich: weniger Fett.<\/p>\n<p class=\"\" data-start=\"560\" data-end=\"731\"><strong data-start=\"560\" data-end=\"583\">Zutaten (35+ K\u00e4se):<\/strong><br data-start=\"583\" data-end=\"586\" \/>Pasteurisierte <strong data-start=\"601\" data-end=\"613\">Kuhmilch<\/strong>, <strong data-start=\"615\" data-end=\"623\">Salz<\/strong>, <strong data-start=\"625\" data-end=\"646\">S\u00e4uerungskulturen<\/strong>, <strong data-start=\"648\" data-end=\"655\">Lab<\/strong>, <strong data-start=\"657\" data-end=\"680\">Konservierungsstoff<\/strong>: Natriumnitrat (E251), <strong data-start=\"704\" data-end=\"717\">Farbstoff<\/strong>: Beta-Carotin<\/p>\n<p class=\"\" data-start=\"733\" data-end=\"762\"><strong data-start=\"733\" data-end=\"747\">Allergene:<\/strong><br data-start=\"747\" data-end=\"750\" \/><strong data-start=\"750\" data-end=\"762\">Kuhmilch<\/strong><\/p>\n<p class=\"\" data-start=\"764\" data-end=\"913\"><strong data-start=\"764\" data-end=\"807\">N\u00e4hrwerte (durchschnittlich pro 100 g):<\/strong><br data-start=\"807\" data-end=\"810\" \/>Energie: 1290 kJ \/ 309 kcal<br data-start=\"837\" data-end=\"840\" \/>Eiwei\u00df: 30 g<br data-start=\"852\" data-end=\"855\" \/>Kohlenhydrate: 0,1 g<br data-start=\"875\" data-end=\"878\" \/>Fett absolut: 20,5 g<br data-start=\"898\" data-end=\"901\" \/>Salz: 1,50 g<\/p>\n<p class=\"\" data-start=\"915\" data-end=\"1045\">Durch die Naturbelassenheit des K\u00e4ses, die nat\u00fcrliche Reifung und saisonale Einfl\u00fcsse k\u00f6nnen Schwankungen in den Werten auftreten.<\/p>\n","protected":false},"excerpt":{"rendered":"<div class=\"wp-block-column\">\n<div class=\"wp-block-column\">\n<p class=\"\" data-start=\"82\" data-end=\"106\"><strong data-start=\"82\" data-end=\"106\">\u201eSpezielle Rezeptur\u201c<\/strong><\/p>\n<p class=\"\" data-start=\"108\" data-end=\"144\"><strong data-start=\"108\" data-end=\"144\">\u201eWeniger Fett, voller Geschmack\u201c<\/strong><\/p>\n<p class=\"\" data-start=\"146\" data-end=\"558\">Wir finden es wichtig, dass du guten K\u00e4se genie\u00dfen kannst. Und wir finden es auch wichtig, dass der Geschmack nicht auf der Strecke bleibt. Qualit\u00e4t steht an erster Stelle! Viele K\u00e4se mit einem niedrigeren Fettgehalt werden flacher im Geschmack, aber das wollen wir vermeiden. Unser 35+ Jung Gereifter K\u00e4se hat einen sch\u00f6nen runden Geschmack. Nicht zu stark, aber dennoch ganz eigen. Und nat\u00fcrlich: weniger Fett.<\/p>\n<\/div>\n<\/div>\n","protected":false},"featured_media":5997,"template":"","meta":{"_acf_changed":false},"etheme_brands":[],"product_brand":[],"product_cat":[43],"product_tag":[],"class_list":{"0":"post-5797","1":"product","2":"type-product","3":"status-publish","4":"has-post-thumbnail","6":"product_cat-35-kase","8":"first","9":"instock","10":"taxable","11":"shipping-taxable","12":"purchasable","13":"product-type-variable","14":"has-default-attributes"},"acf":[],"jetpack_sharing_enabled":true,"_links":{"self":[{"href":"https:\/\/kaashandel-enschede.nl\/de\/wp-json\/wp\/v2\/product\/5797","targetHints":{"allow":["GET"]}}],"collection":[{"href":"https:\/\/kaashandel-enschede.nl\/de\/wp-json\/wp\/v2\/product"}],"about":[{"href":"https:\/\/kaashandel-enschede.nl\/de\/wp-json\/wp\/v2\/types\/product"}],"version-history":[{"count":2,"href":"https:\/\/kaashandel-enschede.nl\/de\/wp-json\/wp\/v2\/product\/5797\/revisions"}],"predecessor-version":[{"id":5833,"href":"https:\/\/kaashandel-enschede.nl\/de\/wp-json\/wp\/v2\/product\/5797\/revisions\/5833"}],"wp:featuredmedia":[{"embeddable":true,"href":"https:\/\/kaashandel-enschede.nl\/de\/wp-json\/wp\/v2\/media\/5997"}],"wp:attachment":[{"href":"https:\/\/kaashandel-enschede.nl\/de\/wp-json\/wp\/v2\/media?parent=5797"}],"wp:term":[{"taxonomy":"brand","embeddable":true,"href":"https:\/\/kaashandel-enschede.nl\/de\/wp-json\/wp\/v2\/etheme_brands?post=5797"},{"taxonomy":"product_brand","embeddable":true,"href":"https:\/\/kaashandel-enschede.nl\/de\/wp-json\/wp\/v2\/product_brand?post=5797"},{"taxonomy":"product_cat","embeddable":true,"href":"https:\/\/kaashandel-enschede.nl\/de\/wp-json\/wp\/v2\/product_cat?post=5797"},{"taxonomy":"product_tag","embeddable":true,"href":"https:\/\/kaashandel-enschede.nl\/de\/wp-json\/wp\/v2\/product_tag?post=5797"}],"curies":[{"name":"wp","href":"https:\/\/api.w.org\/{rel}","templated":true}]}}