{"id":5796,"date":"2025-04-01T09:57:58","date_gmt":"2025-04-01T09:57:58","guid":{"rendered":"https:\/\/kaashandel-enschede.nl\/?post_type=product&#038;p=5796"},"modified":"2025-04-10T14:15:03","modified_gmt":"2025-04-10T14:15:03","slug":"broeckelkaese","status":"publish","type":"product","link":"https:\/\/kaashandel-enschede.nl\/de\/product\/broeckelkaese\/","title":{"rendered":"Br\u00f6ckelk\u00e4se"},"content":{"rendered":"<p class=\"\" data-start=\"75\" data-end=\"99\"><strong data-start=\"75\" data-end=\"99\">\u201eExklusive Leckerei\u201c<\/strong><\/p>\n<p class=\"\" data-start=\"101\" data-end=\"133\"><strong data-start=\"101\" data-end=\"133\">\u201eMit knusprigen Salzkrusten\u201c<\/strong><\/p>\n<p class=\"\" data-start=\"135\" data-end=\"587\">Oh, Br\u00f6ckelk\u00e4se, wie k\u00f6stlich bist du! Dies ist vielleicht der perfekte Br\u00f6ckelk\u00e4se, den du je probiert hast. Ein Genuss f\u00fcr den Liebhaber. <strong data-start=\"275\" data-end=\"298\">Daalder Br\u00f6ckelk\u00e4se<\/strong> wurde vor Jahren hergestellt und ist jetzt perfekt im Geschmack. Es ist eine exklusive Klasse, die vom Fachmann gepflegt und traditionell auf Holzregalen gereift ist. Er br\u00f6selt hervorragend und dieser Geschmack! Er ist eigentlich nicht zu beschreiben, du musst ihn einfach mal probieren.<\/p>\n<p class=\"\" data-start=\"589\" data-end=\"776\"><strong data-start=\"589\" data-end=\"612\">Zutaten (48+ K\u00e4se):<\/strong><br data-start=\"612\" data-end=\"615\" \/>Pasteurisierte <strong data-start=\"630\" data-end=\"642\">Kuhmilch<\/strong>, <strong data-start=\"644\" data-end=\"652\">Salz<\/strong>, <strong data-start=\"654\" data-end=\"675\">S\u00e4uerungskulturen<\/strong>, <strong data-start=\"677\" data-end=\"684\">Lab<\/strong>, <strong data-start=\"686\" data-end=\"709\">Konservierungsstoff<\/strong>: Natriumnitrat (E251), <strong data-start=\"733\" data-end=\"746\">Farbstoff<\/strong>: Annatto Norbixin (E160b(ii))<\/p>\n<p class=\"\" data-start=\"778\" data-end=\"807\"><strong data-start=\"778\" data-end=\"792\">Allergene:<\/strong><br data-start=\"792\" data-end=\"795\" \/><strong data-start=\"795\" data-end=\"807\">Kuhmilch<\/strong><\/p>\n<p class=\"\" data-start=\"809\" data-end=\"960\"><strong data-start=\"809\" data-end=\"852\">N\u00e4hrwerte (durchschnittlich pro 100 g):<\/strong><br data-start=\"852\" data-end=\"855\" \/>Energie: 1926 kJ \/ 465 kcal<br data-start=\"882\" data-end=\"885\" \/>Eiwei\u00df: 29,4 g<br data-start=\"899\" data-end=\"902\" \/>Kohlenhydrate: 0,1 g<br data-start=\"922\" data-end=\"925\" \/>Fett absolut: 35,3 g<br data-start=\"945\" data-end=\"948\" \/>Salz: 2,45 g<\/p>\n<p class=\"\" data-start=\"962\" data-end=\"1092\">Durch die Naturbelassenheit des K\u00e4ses, die nat\u00fcrliche Reifung und saisonale Einfl\u00fcsse k\u00f6nnen Schwankungen in den Werten auftreten.<\/p>\n","protected":false},"excerpt":{"rendered":"<div class=\"wp-block-column\">\n<div class=\"wp-block-column\">\n<p class=\"\" data-start=\"75\" data-end=\"99\"><strong data-start=\"75\" data-end=\"99\">\u201eExklusive Leckerei\u201c<\/strong><\/p>\n<p class=\"\" data-start=\"101\" data-end=\"133\"><strong data-start=\"101\" data-end=\"133\">\u201eMit knusprigen Salzkrusten\u201c<\/strong><\/p>\n<p class=\"\" data-start=\"135\" data-end=\"587\">Oh, Br\u00f6ckelk\u00e4se, wie k\u00f6stlich bist du! Dies ist vielleicht der perfekte Br\u00f6ckelk\u00e4se, den du je probiert hast. Ein Genuss f\u00fcr den Liebhaber. <strong data-start=\"275\" data-end=\"298\">Daalder Br\u00f6ckelk\u00e4se<\/strong> wurde vor Jahren hergestellt und ist jetzt perfekt im Geschmack. Es ist eine exklusive Klasse, die vom Fachmann gepflegt und traditionell auf Holzregalen gereift ist. Er br\u00f6selt hervorragend und dieser Geschmack! Er ist eigentlich nicht zu beschreiben, du musst ihn einfach mal probieren.<\/p>\n<\/div>\n<\/div>\n","protected":false},"featured_media":5581,"template":"","meta":{"_acf_changed":false},"etheme_brands":[],"product_brand":[],"product_cat":[40,46],"product_tag":[],"class_list":{"0":"post-5796","1":"product","2":"type-product","3":"status-publish","4":"has-post-thumbnail","6":"product_cat-gouda-kase","7":"product_cat-alter-kase","9":"first","10":"instock","11":"taxable","12":"shipping-taxable","13":"purchasable","14":"product-type-variable","15":"has-default-attributes"},"acf":[],"jetpack_sharing_enabled":true,"_links":{"self":[{"href":"https:\/\/kaashandel-enschede.nl\/de\/wp-json\/wp\/v2\/product\/5796","targetHints":{"allow":["GET"]}}],"collection":[{"href":"https:\/\/kaashandel-enschede.nl\/de\/wp-json\/wp\/v2\/product"}],"about":[{"href":"https:\/\/kaashandel-enschede.nl\/de\/wp-json\/wp\/v2\/types\/product"}],"version-history":[{"count":1,"href":"https:\/\/kaashandel-enschede.nl\/de\/wp-json\/wp\/v2\/product\/5796\/revisions"}],"predecessor-version":[{"id":5828,"href":"https:\/\/kaashandel-enschede.nl\/de\/wp-json\/wp\/v2\/product\/5796\/revisions\/5828"}],"wp:featuredmedia":[{"embeddable":true,"href":"https:\/\/kaashandel-enschede.nl\/de\/wp-json\/wp\/v2\/media\/5581"}],"wp:attachment":[{"href":"https:\/\/kaashandel-enschede.nl\/de\/wp-json\/wp\/v2\/media?parent=5796"}],"wp:term":[{"taxonomy":"brand","embeddable":true,"href":"https:\/\/kaashandel-enschede.nl\/de\/wp-json\/wp\/v2\/etheme_brands?post=5796"},{"taxonomy":"product_brand","embeddable":true,"href":"https:\/\/kaashandel-enschede.nl\/de\/wp-json\/wp\/v2\/product_brand?post=5796"},{"taxonomy":"product_cat","embeddable":true,"href":"https:\/\/kaashandel-enschede.nl\/de\/wp-json\/wp\/v2\/product_cat?post=5796"},{"taxonomy":"product_tag","embeddable":true,"href":"https:\/\/kaashandel-enschede.nl\/de\/wp-json\/wp\/v2\/product_tag?post=5796"}],"curies":[{"name":"wp","href":"https:\/\/api.w.org\/{rel}","templated":true}]}}