{"id":5793,"date":"2025-04-01T09:57:58","date_gmt":"2025-04-01T09:57:58","guid":{"rendered":"https:\/\/kaashandel-enschede.nl\/?post_type=product&#038;p=5793"},"modified":"2025-04-10T14:11:16","modified_gmt":"2025-04-10T14:11:16","slug":"35-gereift","status":"publish","type":"product","link":"https:\/\/kaashandel-enschede.nl\/de\/product\/35-gereift\/","title":{"rendered":"35+ Gereift"},"content":{"rendered":"<p class=\"\" data-start=\"75\" data-end=\"117\"><strong data-start=\"75\" data-end=\"117\">\u201eHergestellt aus teilentrahmter Milch\u201c<\/strong><\/p>\n<p class=\"\" data-start=\"119\" data-end=\"158\"><strong data-start=\"119\" data-end=\"158\">\u201eGenie\u00dfen ohne schlechtes Gewissen\u201c<\/strong><\/p>\n<p class=\"\" data-start=\"160\" data-end=\"510\">Reifek\u00e4se ist vielleicht die beliebteste K\u00e4sesorte in den Niederlanden. Das liegt daran, dass er geschmacklich genau dazwischen liegt: nicht zu stark, aber auch nicht zu mild. Ein feines Mittelma\u00df, also perfekt f\u00fcr den Alltag. M\u00f6chtest du ohne schlechtes Gewissen guten, gereiften K\u00e4se genie\u00dfen? W\u00e4hle dann diese schlanke 35+ Version, das spart Fett!<\/p>\n<p class=\"\" data-start=\"512\" data-end=\"683\"><strong data-start=\"512\" data-end=\"535\">Zutaten (35+ K\u00e4se):<\/strong><br data-start=\"535\" data-end=\"538\" \/>Pasteurisierte <strong data-start=\"553\" data-end=\"565\">Kuhmilch<\/strong>, <strong data-start=\"567\" data-end=\"575\">Salz<\/strong>, <strong data-start=\"577\" data-end=\"598\">S\u00e4uerungskulturen<\/strong>, <strong data-start=\"600\" data-end=\"607\">Lab<\/strong>, <strong data-start=\"609\" data-end=\"632\">Konservierungsstoff<\/strong>: Natriumnitrat (E251), <strong data-start=\"656\" data-end=\"669\">Farbstoff<\/strong>: Beta-Carotin<\/p>\n<p class=\"\" data-start=\"685\" data-end=\"714\"><strong data-start=\"685\" data-end=\"699\">Allergene:<\/strong><br data-start=\"699\" data-end=\"702\" \/><strong data-start=\"702\" data-end=\"714\">Kuhmilch<\/strong><\/p>\n<p class=\"\" data-start=\"716\" data-end=\"863\"><strong data-start=\"716\" data-end=\"759\">N\u00e4hrwerte (durchschnittlich pro 100 g):<\/strong><br data-start=\"759\" data-end=\"762\" \/>Energie: 1340 kJ \/ 322 kcal<br data-start=\"789\" data-end=\"792\" \/>Eiwei\u00df: 31 g<br data-start=\"804\" data-end=\"807\" \/>Kohlenhydrate: 0,1 g<br data-start=\"827\" data-end=\"830\" \/>Fett absolut: 21 g<br data-start=\"848\" data-end=\"851\" \/>Salz: 1,55 g<\/p>\n<p class=\"\" data-start=\"865\" data-end=\"995\">Durch die Naturbelassenheit des K\u00e4ses, die nat\u00fcrliche Reifung und saisonale Einfl\u00fcsse k\u00f6nnen Schwankungen in den Werten auftreten.<\/p>\n","protected":false},"excerpt":{"rendered":"<div class=\"wp-block-column\">\n<div class=\"wp-block-column\">\n<p class=\"\" data-start=\"75\" data-end=\"117\"><strong data-start=\"75\" data-end=\"117\">\u201eHergestellt aus teilentrahmter Milch\u201c<\/strong><\/p>\n<p class=\"\" data-start=\"119\" data-end=\"158\"><strong data-start=\"119\" data-end=\"158\">\u201eGenie\u00dfen ohne schlechtes Gewissen\u201c<\/strong><\/p>\n<p class=\"\" data-start=\"160\" data-end=\"510\">Reifek\u00e4se ist vielleicht die beliebteste K\u00e4sesorte in den Niederlanden. Das liegt daran, dass er geschmacklich genau dazwischen liegt: nicht zu stark, aber auch nicht zu mild. Ein feines Mittelma\u00df, also perfekt f\u00fcr den Alltag. M\u00f6chtest du ohne schlechtes Gewissen guten, gereiften K\u00e4se genie\u00dfen? W\u00e4hle dann diese schlanke 35+ Version, das spart Fett!<\/p>\n<\/div>\n<\/div>\n","protected":false},"featured_media":5582,"template":"","meta":{"_acf_changed":false},"etheme_brands":[],"product_brand":[],"product_cat":[43],"product_tag":[],"class_list":{"0":"post-5793","1":"product","2":"type-product","3":"status-publish","4":"has-post-thumbnail","6":"product_cat-35-kase","8":"first","9":"instock","10":"taxable","11":"shipping-taxable","12":"purchasable","13":"product-type-variable","14":"has-default-attributes"},"acf":[],"jetpack_sharing_enabled":true,"_links":{"self":[{"href":"https:\/\/kaashandel-enschede.nl\/de\/wp-json\/wp\/v2\/product\/5793","targetHints":{"allow":["GET"]}}],"collection":[{"href":"https:\/\/kaashandel-enschede.nl\/de\/wp-json\/wp\/v2\/product"}],"about":[{"href":"https:\/\/kaashandel-enschede.nl\/de\/wp-json\/wp\/v2\/types\/product"}],"version-history":[{"count":1,"href":"https:\/\/kaashandel-enschede.nl\/de\/wp-json\/wp\/v2\/product\/5793\/revisions"}],"predecessor-version":[{"id":5813,"href":"https:\/\/kaashandel-enschede.nl\/de\/wp-json\/wp\/v2\/product\/5793\/revisions\/5813"}],"wp:featuredmedia":[{"embeddable":true,"href":"https:\/\/kaashandel-enschede.nl\/de\/wp-json\/wp\/v2\/media\/5582"}],"wp:attachment":[{"href":"https:\/\/kaashandel-enschede.nl\/de\/wp-json\/wp\/v2\/media?parent=5793"}],"wp:term":[{"taxonomy":"brand","embeddable":true,"href":"https:\/\/kaashandel-enschede.nl\/de\/wp-json\/wp\/v2\/etheme_brands?post=5793"},{"taxonomy":"product_brand","embeddable":true,"href":"https:\/\/kaashandel-enschede.nl\/de\/wp-json\/wp\/v2\/product_brand?post=5793"},{"taxonomy":"product_cat","embeddable":true,"href":"https:\/\/kaashandel-enschede.nl\/de\/wp-json\/wp\/v2\/product_cat?post=5793"},{"taxonomy":"product_tag","embeddable":true,"href":"https:\/\/kaashandel-enschede.nl\/de\/wp-json\/wp\/v2\/product_tag?post=5793"}],"curies":[{"name":"wp","href":"https:\/\/api.w.org\/{rel}","templated":true}]}}