{"id":5792,"date":"2025-04-01T09:57:59","date_gmt":"2025-04-01T09:57:59","guid":{"rendered":"https:\/\/kaashandel-enschede.nl\/?post_type=product&#038;p=5792"},"modified":"2025-04-10T14:09:04","modified_gmt":"2025-04-10T14:09:04","slug":"35-extra-gereift","status":"publish","type":"product","link":"https:\/\/kaashandel-enschede.nl\/de\/product\/35-extra-gereift\/","title":{"rendered":"35+ Extra Gereift"},"content":{"rendered":"<p class=\"\" data-start=\"81\" data-end=\"116\"><strong data-start=\"81\" data-end=\"116\">\u201eHandwerkliche K\u00e4seherstellung\u201c<\/strong><\/p>\n<p class=\"\" data-start=\"118\" data-end=\"150\"><strong data-start=\"118\" data-end=\"150\">\u201eGreifen Sie ruhig noch zu!\u201c<\/strong><\/p>\n<p class=\"\" data-start=\"152\" data-end=\"473\">Lecker w\u00fcrziger K\u00e4se mit wenig Fett \u2013 geht das? Dieser Gouda 35+ aus der Westbeemster von <strong data-start=\"242\" data-end=\"261\">CONO Kaasmakers<\/strong> an der <strong data-start=\"269\" data-end=\"285\">Rijperweg 20<\/strong> ist ein wahres Meisterst\u00fcck. Die handwerkliche K\u00e4seherstellung nach einem speziellen Rezept mit teilentrahmter Milch sorgt f\u00fcr einen Qualit\u00e4tsk\u00e4se, der weniger Fett enth\u00e4lt. Ja, das geht!<\/p>\n<p class=\"\" data-start=\"475\" data-end=\"662\"><strong data-start=\"475\" data-end=\"498\">Zutaten (35+ K\u00e4se):<\/strong><br data-start=\"498\" data-end=\"501\" \/>Pasteurisierte <strong data-start=\"516\" data-end=\"528\">Kuhmilch<\/strong>, <strong data-start=\"530\" data-end=\"538\">Salz<\/strong>, <strong data-start=\"540\" data-end=\"561\">S\u00e4uerungskulturen<\/strong>, <strong data-start=\"563\" data-end=\"570\">Lab<\/strong>, <strong data-start=\"572\" data-end=\"595\">Konservierungsstoff<\/strong>: Natriumnitrat (E251), <strong data-start=\"619\" data-end=\"632\">Farbstoff<\/strong>: Annatto Norbixin (E160b(ii))<\/p>\n<p class=\"\" data-start=\"664\" data-end=\"693\"><strong data-start=\"664\" data-end=\"678\">Allergene:<\/strong><br data-start=\"678\" data-end=\"681\" \/><strong data-start=\"681\" data-end=\"693\">Kuhmilch<\/strong><\/p>\n<p class=\"\" data-start=\"695\" data-end=\"846\"><strong data-start=\"695\" data-end=\"738\">N\u00e4hrwerte (durchschnittlich pro 100 g):<\/strong><br data-start=\"738\" data-end=\"741\" \/>Energie: 1355 kJ \/ 325 kcal<br data-start=\"768\" data-end=\"771\" \/>Eiwei\u00df: 32,5 g<br data-start=\"785\" data-end=\"788\" \/>Kohlenhydrate: 0,1 g<br data-start=\"808\" data-end=\"811\" \/>Fett absolut: 23,1 g<br data-start=\"831\" data-end=\"834\" \/>Salz: 2,30 g<\/p>\n<p class=\"\" data-start=\"848\" data-end=\"978\">Durch die Naturbelassenheit des K\u00e4ses, die nat\u00fcrliche Reifung und saisonale Einfl\u00fcsse k\u00f6nnen Schwankungen in den Werten auftreten.<\/p>\n","protected":false},"excerpt":{"rendered":"<div class=\"wp-block-column\">\n<div class=\"wp-block-column\">\n<p class=\"\" data-start=\"81\" data-end=\"116\"><strong data-start=\"81\" data-end=\"116\">\u201eHandwerkliche K\u00e4seherstellung\u201c<\/strong><\/p>\n<p class=\"\" data-start=\"118\" data-end=\"150\"><strong data-start=\"118\" data-end=\"150\">\u201eGreifen Sie ruhig noch zu!\u201c<\/strong><\/p>\n<p class=\"\" data-start=\"152\" data-end=\"473\">Lecker w\u00fcrziger K\u00e4se mit wenig Fett \u2013 geht das? Dieser Gouda 35+ aus der Westbeemster von <strong data-start=\"242\" data-end=\"261\">CONO Kaasmakers<\/strong> an der <strong data-start=\"269\" data-end=\"285\">Rijperweg 20<\/strong> ist ein wahres Meisterst\u00fcck. Die handwerkliche K\u00e4seherstellung nach einem speziellen Rezept mit teilentrahmter Milch sorgt f\u00fcr einen Qualit\u00e4tsk\u00e4se, der weniger Fett enth\u00e4lt. Ja, das geht!<\/p>\n<\/div>\n<\/div>\n","protected":false},"featured_media":5584,"template":"","meta":{"_acf_changed":false},"etheme_brands":[],"product_brand":[],"product_cat":[43],"product_tag":[],"class_list":{"0":"post-5792","1":"product","2":"type-product","3":"status-publish","4":"has-post-thumbnail","6":"product_cat-35-kase","8":"first","9":"instock","10":"taxable","11":"shipping-taxable","12":"purchasable","13":"product-type-variable","14":"has-default-attributes"},"acf":[],"jetpack_sharing_enabled":true,"_links":{"self":[{"href":"https:\/\/kaashandel-enschede.nl\/de\/wp-json\/wp\/v2\/product\/5792","targetHints":{"allow":["GET"]}}],"collection":[{"href":"https:\/\/kaashandel-enschede.nl\/de\/wp-json\/wp\/v2\/product"}],"about":[{"href":"https:\/\/kaashandel-enschede.nl\/de\/wp-json\/wp\/v2\/types\/product"}],"version-history":[{"count":1,"href":"https:\/\/kaashandel-enschede.nl\/de\/wp-json\/wp\/v2\/product\/5792\/revisions"}],"predecessor-version":[{"id":5809,"href":"https:\/\/kaashandel-enschede.nl\/de\/wp-json\/wp\/v2\/product\/5792\/revisions\/5809"}],"wp:featuredmedia":[{"embeddable":true,"href":"https:\/\/kaashandel-enschede.nl\/de\/wp-json\/wp\/v2\/media\/5584"}],"wp:attachment":[{"href":"https:\/\/kaashandel-enschede.nl\/de\/wp-json\/wp\/v2\/media?parent=5792"}],"wp:term":[{"taxonomy":"brand","embeddable":true,"href":"https:\/\/kaashandel-enschede.nl\/de\/wp-json\/wp\/v2\/etheme_brands?post=5792"},{"taxonomy":"product_brand","embeddable":true,"href":"https:\/\/kaashandel-enschede.nl\/de\/wp-json\/wp\/v2\/product_brand?post=5792"},{"taxonomy":"product_cat","embeddable":true,"href":"https:\/\/kaashandel-enschede.nl\/de\/wp-json\/wp\/v2\/product_cat?post=5792"},{"taxonomy":"product_tag","embeddable":true,"href":"https:\/\/kaashandel-enschede.nl\/de\/wp-json\/wp\/v2\/product_tag?post=5792"}],"curies":[{"name":"wp","href":"https:\/\/api.w.org\/{rel}","templated":true}]}}