{"id":5761,"date":"2025-04-01T09:57:59","date_gmt":"2025-04-01T09:57:59","guid":{"rendered":"https:\/\/kaashandel-enschede.nl\/?post_type=product&#038;p=5761"},"modified":"2025-04-10T14:02:56","modified_gmt":"2025-04-10T14:02:56","slug":"20-jung-mittelalt","status":"publish","type":"product","link":"https:\/\/kaashandel-enschede.nl\/de\/product\/20-jung-mittelalt\/","title":{"rendered":"20+ Jung\/Mittelalt"},"content":{"rendered":"<p class=\"\" data-start=\"82\" data-end=\"106\"><strong data-start=\"82\" data-end=\"106\">\u201eEine bewusste Wahl\u201c<\/strong><\/p>\n<p class=\"\" data-start=\"108\" data-end=\"136\"><strong data-start=\"108\" data-end=\"136\">\u201eVoll und ganz genie\u00dfen\u201c<\/strong><\/p>\n<p class=\"\" data-start=\"138\" data-end=\"650\">Lieber weniger Kalorien, aber nicht weniger Geschmack? Gute 20+ K\u00e4se enthalten weniger Fett, haben aber gleichzeitig die Cremigkeit und den milden Geschmack von Vollk\u00e4se. Denn das ist es, was K\u00e4se so lecker macht! <strong data-start=\"352\" data-end=\"372\">Daalder 20+ Mild<\/strong> zeichnet sich durch seine Sanftheit aus und ist bei Menschen beliebt, die bewusst essen und auf ihre Kalorien achten m\u00f6chten. Au\u00dferdem enth\u00e4lt dieser K\u00e4se wichtige N\u00e4hrstoffe wie Kalzium, Eiwei\u00df, Phosphor sowie die Vitamine A und D. So kannst du immer in vollen Z\u00fcgen genie\u00dfen.<\/p>\n<p class=\"\" data-start=\"652\" data-end=\"803\"><strong data-start=\"652\" data-end=\"695\">N\u00e4hrwerte (durchschnittlich pro 100 g):<\/strong><br data-start=\"695\" data-end=\"698\" \/>Energie: 1000 kJ \/ 240 kcal<br data-start=\"725\" data-end=\"728\" \/>Eiwei\u00df: 32,0 g<br data-start=\"742\" data-end=\"745\" \/>Kohlenhydrate: 0,1 g<br data-start=\"765\" data-end=\"768\" \/>Fett absolut: 13,4 g<br data-start=\"788\" data-end=\"791\" \/>Salz: 1,65 g<\/p>\n<p class=\"\" data-start=\"805\" data-end=\"935\">Durch die Naturbelassenheit des K\u00e4ses, die nat\u00fcrliche Reifung und saisonale Einfl\u00fcsse k\u00f6nnen Schwankungen in den Werten auftreten.<\/p>\n<p class=\"\" data-start=\"937\" data-end=\"1124\"><strong data-start=\"937\" data-end=\"960\">Zutaten (20+ K\u00e4se):<\/strong><br data-start=\"960\" data-end=\"963\" \/>Pasteurisierte <strong data-start=\"978\" data-end=\"990\">Kuhmilch<\/strong>, <strong data-start=\"992\" data-end=\"1000\">Salz<\/strong>, <strong data-start=\"1002\" data-end=\"1023\">S\u00e4uerungskulturen<\/strong>, <strong data-start=\"1025\" data-end=\"1032\">Lab<\/strong>, <strong data-start=\"1034\" data-end=\"1057\">Konservierungsstoff<\/strong>: Natriumnitrat (E251), <strong data-start=\"1081\" data-end=\"1094\">Farbstoff<\/strong>: Annatto Norbixin (E160b(ii))<\/p>\n<p class=\"\" data-start=\"1126\" data-end=\"1155\"><strong data-start=\"1126\" data-end=\"1140\">Allergene:<\/strong><br data-start=\"1140\" data-end=\"1143\" \/><strong data-start=\"1143\" data-end=\"1155\">Kuhmilch<\/strong><\/p>\n","protected":false},"excerpt":{"rendered":"<p class=\"\" data-start=\"108\" data-end=\"136\"><strong data-start=\"108\" data-end=\"136\">\u201eVoll und ganz genie\u00dfen\u201c<\/strong><\/p>\n<p class=\"\" data-start=\"138\" data-end=\"650\">Lieber weniger Kalorien, aber nicht weniger Geschmack? Gute 20+ K\u00e4se enthalten weniger Fett, haben aber gleichzeitig die Cremigkeit und den milden Geschmack von Vollk\u00e4se. Denn das ist es, was K\u00e4se so lecker macht! <strong data-start=\"352\" data-end=\"372\">Daalder 20+ Mild<\/strong> zeichnet sich durch seine Sanftheit aus und ist bei Menschen beliebt, die bewusst essen und auf ihre Kalorien achten m\u00f6chten. Au\u00dferdem enth\u00e4lt dieser K\u00e4se wichtige N\u00e4hrstoffe wie Kalzium, Eiwei\u00df, Phosphor sowie die Vitamine A und D. So kannst du immer in vollen Z\u00fcgen genie\u00dfen.<\/p>\n","protected":false},"featured_media":5591,"template":"","meta":{"_acf_changed":false},"etheme_brands":[],"product_brand":[],"product_cat":[43],"product_tag":[],"class_list":{"0":"post-5761","1":"product","2":"type-product","3":"status-publish","4":"has-post-thumbnail","6":"product_cat-35-kase","8":"first","9":"instock","10":"taxable","11":"shipping-taxable","12":"purchasable","13":"product-type-variable","14":"has-default-attributes"},"acf":[],"jetpack_sharing_enabled":true,"_links":{"self":[{"href":"https:\/\/kaashandel-enschede.nl\/de\/wp-json\/wp\/v2\/product\/5761","targetHints":{"allow":["GET"]}}],"collection":[{"href":"https:\/\/kaashandel-enschede.nl\/de\/wp-json\/wp\/v2\/product"}],"about":[{"href":"https:\/\/kaashandel-enschede.nl\/de\/wp-json\/wp\/v2\/types\/product"}],"version-history":[{"count":1,"href":"https:\/\/kaashandel-enschede.nl\/de\/wp-json\/wp\/v2\/product\/5761\/revisions"}],"predecessor-version":[{"id":5789,"href":"https:\/\/kaashandel-enschede.nl\/de\/wp-json\/wp\/v2\/product\/5761\/revisions\/5789"}],"wp:featuredmedia":[{"embeddable":true,"href":"https:\/\/kaashandel-enschede.nl\/de\/wp-json\/wp\/v2\/media\/5591"}],"wp:attachment":[{"href":"https:\/\/kaashandel-enschede.nl\/de\/wp-json\/wp\/v2\/media?parent=5761"}],"wp:term":[{"taxonomy":"brand","embeddable":true,"href":"https:\/\/kaashandel-enschede.nl\/de\/wp-json\/wp\/v2\/etheme_brands?post=5761"},{"taxonomy":"product_brand","embeddable":true,"href":"https:\/\/kaashandel-enschede.nl\/de\/wp-json\/wp\/v2\/product_brand?post=5761"},{"taxonomy":"product_cat","embeddable":true,"href":"https:\/\/kaashandel-enschede.nl\/de\/wp-json\/wp\/v2\/product_cat?post=5761"},{"taxonomy":"product_tag","embeddable":true,"href":"https:\/\/kaashandel-enschede.nl\/de\/wp-json\/wp\/v2\/product_tag?post=5761"}],"curies":[{"name":"wp","href":"https:\/\/api.w.org\/{rel}","templated":true}]}}