{"id":5759,"date":"2025-04-01T09:58:00","date_gmt":"2025-04-01T09:58:00","guid":{"rendered":"https:\/\/kaashandel-enschede.nl\/?post_type=product&#038;p=5759"},"modified":"2025-04-10T14:00:19","modified_gmt":"2025-04-10T14:00:19","slug":"rauchkaese","status":"publish","type":"product","link":"https:\/\/kaashandel-enschede.nl\/de\/product\/rauchkaese\/","title":{"rendered":"Rauchk\u00e4se"},"content":{"rendered":"<p>Rauchk\u00e4se ist ein geschmolzener K\u00e4se mit Raucharoma. Dieses Aroma erh\u00e4lt der K\u00e4se durch das R\u00e4uchern oder das Hinzuf\u00fcgen von Raucharoma. Das Ergebnis ist ein wurstf\u00f6rmiger K\u00e4se. Der K\u00e4se hat eine braune Rinde.<\/p>\n","protected":false},"excerpt":{"rendered":"<p>Rauchk\u00e4se ist ein geschmolzener K\u00e4se mit Raucharoma. Dieses Aroma erh\u00e4lt der K\u00e4se durch das R\u00e4uchern oder das Hinzuf\u00fcgen von Raucharoma. Das Ergebnis ist ein wurstf\u00f6rmiger K\u00e4se. Der K\u00e4se hat eine braune Rinde.<\/p>\n","protected":false},"featured_media":0,"template":"","meta":{"_acf_changed":false},"etheme_brands":[],"product_brand":[],"product_cat":[40],"product_tag":[],"class_list":{"0":"post-5759","1":"product","2":"type-product","3":"status-publish","5":"product_cat-gouda-kase","7":"first","8":"instock","9":"taxable","10":"shipping-taxable","11":"purchasable","12":"product-type-variable","13":"has-default-attributes"},"acf":[],"jetpack_sharing_enabled":true,"_links":{"self":[{"href":"https:\/\/kaashandel-enschede.nl\/de\/wp-json\/wp\/v2\/product\/5759","targetHints":{"allow":["GET"]}}],"collection":[{"href":"https:\/\/kaashandel-enschede.nl\/de\/wp-json\/wp\/v2\/product"}],"about":[{"href":"https:\/\/kaashandel-enschede.nl\/de\/wp-json\/wp\/v2\/types\/product"}],"version-history":[{"count":1,"href":"https:\/\/kaashandel-enschede.nl\/de\/wp-json\/wp\/v2\/product\/5759\/revisions"}],"predecessor-version":[{"id":5781,"href":"https:\/\/kaashandel-enschede.nl\/de\/wp-json\/wp\/v2\/product\/5759\/revisions\/5781"}],"wp:attachment":[{"href":"https:\/\/kaashandel-enschede.nl\/de\/wp-json\/wp\/v2\/media?parent=5759"}],"wp:term":[{"taxonomy":"brand","embeddable":true,"href":"https:\/\/kaashandel-enschede.nl\/de\/wp-json\/wp\/v2\/etheme_brands?post=5759"},{"taxonomy":"product_brand","embeddable":true,"href":"https:\/\/kaashandel-enschede.nl\/de\/wp-json\/wp\/v2\/product_brand?post=5759"},{"taxonomy":"product_cat","embeddable":true,"href":"https:\/\/kaashandel-enschede.nl\/de\/wp-json\/wp\/v2\/product_cat?post=5759"},{"taxonomy":"product_tag","embeddable":true,"href":"https:\/\/kaashandel-enschede.nl\/de\/wp-json\/wp\/v2\/product_tag?post=5759"}],"curies":[{"name":"wp","href":"https:\/\/api.w.org\/{rel}","templated":true}]}}