{"id":5758,"date":"2025-04-01T09:58:00","date_gmt":"2025-04-01T09:58:00","guid":{"rendered":"https:\/\/kaashandel-enschede.nl\/?post_type=product&#038;p=5758"},"modified":"2025-04-10T13:59:34","modified_gmt":"2025-04-10T13:59:34","slug":"gereifter-ziegenkaese","status":"publish","type":"product","link":"https:\/\/kaashandel-enschede.nl\/de\/product\/gereifter-ziegenkaese\/","title":{"rendered":"Gereifter Ziegenk\u00e4se"},"content":{"rendered":"<p class=\"\" data-start=\"84\" data-end=\"108\"><strong data-start=\"84\" data-end=\"108\">\u201eReich an Geschmack\u201c<\/strong><\/p>\n<p class=\"\" data-start=\"110\" data-end=\"137\"><strong data-start=\"110\" data-end=\"137\">\u201eVegetarisch gestreift\u201c<\/strong><\/p>\n<p class=\"\" data-start=\"139\" data-end=\"534\">Wie der Daalder milder und alter Ziegenk\u00e4se wird auch unser gereifter Ziegenk\u00e4se vegetarisch gestreift. Was diesen K\u00e4se besonders macht, ist der reiche und w\u00fcrzige Geschmack. Das kommt durch die spezifische Reifung von etwa 20 bis 24 Wochen. Diese sorgt f\u00fcr den bekannten Ziegenk\u00e4segeschmack, aber viel intensiver. Du musst ihn unbedingt probieren \u2013 wir schneiden dir gerne ein sch\u00f6nes St\u00fcck ab.<\/p>\n<p class=\"\" data-start=\"536\" data-end=\"702\"><strong data-start=\"536\" data-end=\"559\">Zutaten (50+ K\u00e4se):<\/strong><br data-start=\"559\" data-end=\"562\" \/>Pasteurisierte <strong data-start=\"577\" data-end=\"592\">Ziegenmilch<\/strong>, <strong data-start=\"594\" data-end=\"602\">Salz<\/strong>, <strong data-start=\"604\" data-end=\"625\">S\u00e4uerungskulturen<\/strong>, vegetarisches <strong data-start=\"641\" data-end=\"648\">Lab<\/strong>, <strong data-start=\"650\" data-end=\"673\">Konservierungsstoff<\/strong> (E251); Natriumnitrat (E251)<\/p>\n<p class=\"\" data-start=\"704\" data-end=\"726\"><strong data-start=\"704\" data-end=\"718\">Allergene:<\/strong><br data-start=\"718\" data-end=\"721\" \/>Keine<\/p>\n<p class=\"\" data-start=\"728\" data-end=\"877\"><strong data-start=\"728\" data-end=\"771\">N\u00e4hrwerte (durchschnittlich pro 100 g):<\/strong><br data-start=\"771\" data-end=\"774\" \/>Energie: 1695 kJ \/ 410 kcal<br data-start=\"801\" data-end=\"804\" \/>Eiwei\u00df: 22,5 g<br data-start=\"818\" data-end=\"821\" \/>Kohlenhydrate: 0,1 g<br data-start=\"841\" data-end=\"844\" \/>Fett absolut: 32 g<br data-start=\"862\" data-end=\"865\" \/>Salz: 1,80 g<\/p>\n<p class=\"\" data-start=\"879\" data-end=\"1009\">Durch die Naturbelassenheit des K\u00e4ses, die nat\u00fcrliche Reifung und saisonale Einfl\u00fcsse k\u00f6nnen Schwankungen in den Werten auftreten.<\/p>\n","protected":false},"excerpt":{"rendered":"<div class=\"wp-block-column\">\n<div class=\"wp-block-column\">Wie der Daalder milder und alter Ziegenk\u00e4se wird auch unser gereifter Ziegenk\u00e4se vegetarisch gestreift. Was diesen K\u00e4se besonders macht, ist der reiche und w\u00fcrzige Geschmack. Das kommt durch die spezifische Reifung von etwa 20 bis 24 Wochen.<\/div>\n<\/div>\n","protected":false},"featured_media":5585,"template":"","meta":{"_acf_changed":false},"etheme_brands":[],"product_brand":[],"product_cat":[42],"product_tag":[],"class_list":{"0":"post-5758","1":"product","2":"type-product","3":"status-publish","4":"has-post-thumbnail","6":"product_cat-ziegenkase","8":"first","9":"instock","10":"taxable","11":"shipping-taxable","12":"purchasable","13":"product-type-variable","14":"has-default-attributes"},"acf":[],"jetpack_sharing_enabled":true,"_links":{"self":[{"href":"https:\/\/kaashandel-enschede.nl\/de\/wp-json\/wp\/v2\/product\/5758","targetHints":{"allow":["GET"]}}],"collection":[{"href":"https:\/\/kaashandel-enschede.nl\/de\/wp-json\/wp\/v2\/product"}],"about":[{"href":"https:\/\/kaashandel-enschede.nl\/de\/wp-json\/wp\/v2\/types\/product"}],"version-history":[{"count":1,"href":"https:\/\/kaashandel-enschede.nl\/de\/wp-json\/wp\/v2\/product\/5758\/revisions"}],"predecessor-version":[{"id":5777,"href":"https:\/\/kaashandel-enschede.nl\/de\/wp-json\/wp\/v2\/product\/5758\/revisions\/5777"}],"wp:featuredmedia":[{"embeddable":true,"href":"https:\/\/kaashandel-enschede.nl\/de\/wp-json\/wp\/v2\/media\/5585"}],"wp:attachment":[{"href":"https:\/\/kaashandel-enschede.nl\/de\/wp-json\/wp\/v2\/media?parent=5758"}],"wp:term":[{"taxonomy":"brand","embeddable":true,"href":"https:\/\/kaashandel-enschede.nl\/de\/wp-json\/wp\/v2\/etheme_brands?post=5758"},{"taxonomy":"product_brand","embeddable":true,"href":"https:\/\/kaashandel-enschede.nl\/de\/wp-json\/wp\/v2\/product_brand?post=5758"},{"taxonomy":"product_cat","embeddable":true,"href":"https:\/\/kaashandel-enschede.nl\/de\/wp-json\/wp\/v2\/product_cat?post=5758"},{"taxonomy":"product_tag","embeddable":true,"href":"https:\/\/kaashandel-enschede.nl\/de\/wp-json\/wp\/v2\/product_tag?post=5758"}],"curies":[{"name":"wp","href":"https:\/\/api.w.org\/{rel}","templated":true}]}}