{"id":5757,"date":"2025-04-01T09:58:00","date_gmt":"2025-04-01T09:58:00","guid":{"rendered":"https:\/\/kaashandel-enschede.nl\/?post_type=product&#038;p=5757"},"modified":"2025-04-10T13:58:42","modified_gmt":"2025-04-10T13:58:42","slug":"milder-ziegenkaese","status":"publish","type":"product","link":"https:\/\/kaashandel-enschede.nl\/de\/product\/milder-ziegenkaese\/","title":{"rendered":"Milder Ziegenk\u00e4se"},"content":{"rendered":"<p class=\"\" data-start=\"81\" data-end=\"119\"><strong data-start=\"81\" data-end=\"119\">\u201eHergestellt aus 100% Ziegenmilch\u201c<\/strong><\/p>\n<p class=\"\" data-start=\"121\" data-end=\"159\"><strong data-start=\"121\" data-end=\"159\">\u201eMan schmeckt ihn, man kauft ihn.\u201c<\/strong><\/p>\n<p class=\"\" data-start=\"161\" data-end=\"670\">Ziegenk\u00e4se ist einfach k\u00f6stlich! Das entdecken immer mehr Menschen, denn diese K\u00e4sesorte gewinnt in den letzten Jahren enorm an Beliebtheit. Zudem ist Ziegenmilch durch die feinere Fett- und Eiwei\u00dfstruktur leichter verdaulich als Kuhmilch, was f\u00fcr Menschen mit einer Kuhmilchallergie von Vorteil sein kann. <strong data-start=\"468\" data-end=\"497\">Daalder Milder Ziegenk\u00e4se<\/strong> ist ein rein holl\u00e4ndisches Qualit\u00e4tsprodukt, hergestellt aus 100% Ziegenmilch. Bist du ein echter Ziegenk\u00e4se-Fan? Dann probiere auch unseren gereiften und alten Ziegenk\u00e4se.<\/p>\n<p class=\"\" data-start=\"672\" data-end=\"817\"><strong data-start=\"672\" data-end=\"695\">Zutaten (50+ K\u00e4se):<\/strong><br data-start=\"695\" data-end=\"698\" \/>Pasteurisierte <strong data-start=\"713\" data-end=\"728\">Ziegenmilch<\/strong>, <strong data-start=\"730\" data-end=\"738\">Salz<\/strong>, <strong data-start=\"740\" data-end=\"761\">S\u00e4uerungskulturen<\/strong>, vegetarisches <strong data-start=\"777\" data-end=\"784\">Lab<\/strong>, <strong data-start=\"786\" data-end=\"809\">Konservierungsstoff<\/strong> (E251).<\/p>\n<p class=\"\" data-start=\"819\" data-end=\"841\"><strong data-start=\"819\" data-end=\"833\">Allergene:<\/strong><br data-start=\"833\" data-end=\"836\" \/>Keine<\/p>\n<p class=\"\" data-start=\"843\" data-end=\"992\"><strong data-start=\"843\" data-end=\"886\">N\u00e4hrwerte (durchschnittlich pro 100 g):<\/strong><br data-start=\"886\" data-end=\"889\" \/>Energie: 1588 kJ \/ 385 kcal<br data-start=\"916\" data-end=\"919\" \/>Eiwei\u00df: 27 g<br data-start=\"931\" data-end=\"934\" \/>Kohlenhydrate: 0,1 g<br data-start=\"954\" data-end=\"957\" \/>Fett absolut: 30,1 g<br data-start=\"977\" data-end=\"980\" \/>Salz: 1,70 g<\/p>\n<p class=\"\" data-start=\"994\" data-end=\"1124\">Durch die Naturbelassenheit des K\u00e4ses, die nat\u00fcrliche Reifung und saisonale Einfl\u00fcsse k\u00f6nnen Schwankungen in den Werten auftreten.<\/p>\n","protected":false},"excerpt":{"rendered":"<div class=\"wp-block-column\">\n<div class=\"wp-block-column\">\n<div class=\"wp-block-column tachtig\">Ziegenk\u00e4se ist einfach k\u00f6stlich! Das entdecken immer mehr Menschen, denn diese K\u00e4sesorte gewinnt in den letzten Jahren enorm an Beliebtheit<\/div>\n<\/div>\n<\/div>\n","protected":false},"featured_media":5586,"template":"","meta":{"_acf_changed":false},"etheme_brands":[],"product_brand":[],"product_cat":[42],"product_tag":[],"class_list":{"0":"post-5757","1":"product","2":"type-product","3":"status-publish","4":"has-post-thumbnail","6":"product_cat-ziegenkase","8":"first","9":"instock","10":"taxable","11":"shipping-taxable","12":"purchasable","13":"product-type-variable","14":"has-default-attributes"},"acf":[],"jetpack_sharing_enabled":true,"_links":{"self":[{"href":"https:\/\/kaashandel-enschede.nl\/de\/wp-json\/wp\/v2\/product\/5757","targetHints":{"allow":["GET"]}}],"collection":[{"href":"https:\/\/kaashandel-enschede.nl\/de\/wp-json\/wp\/v2\/product"}],"about":[{"href":"https:\/\/kaashandel-enschede.nl\/de\/wp-json\/wp\/v2\/types\/product"}],"version-history":[{"count":1,"href":"https:\/\/kaashandel-enschede.nl\/de\/wp-json\/wp\/v2\/product\/5757\/revisions"}],"predecessor-version":[{"id":5773,"href":"https:\/\/kaashandel-enschede.nl\/de\/wp-json\/wp\/v2\/product\/5757\/revisions\/5773"}],"wp:featuredmedia":[{"embeddable":true,"href":"https:\/\/kaashandel-enschede.nl\/de\/wp-json\/wp\/v2\/media\/5586"}],"wp:attachment":[{"href":"https:\/\/kaashandel-enschede.nl\/de\/wp-json\/wp\/v2\/media?parent=5757"}],"wp:term":[{"taxonomy":"brand","embeddable":true,"href":"https:\/\/kaashandel-enschede.nl\/de\/wp-json\/wp\/v2\/etheme_brands?post=5757"},{"taxonomy":"product_brand","embeddable":true,"href":"https:\/\/kaashandel-enschede.nl\/de\/wp-json\/wp\/v2\/product_brand?post=5757"},{"taxonomy":"product_cat","embeddable":true,"href":"https:\/\/kaashandel-enschede.nl\/de\/wp-json\/wp\/v2\/product_cat?post=5757"},{"taxonomy":"product_tag","embeddable":true,"href":"https:\/\/kaashandel-enschede.nl\/de\/wp-json\/wp\/v2\/product_tag?post=5757"}],"curies":[{"name":"wp","href":"https:\/\/api.w.org\/{rel}","templated":true}]}}