{"id":5755,"date":"2025-04-01T09:58:01","date_gmt":"2025-04-01T09:58:01","guid":{"rendered":"https:\/\/kaashandel-enschede.nl\/?post_type=product&#038;p=5755"},"modified":"2025-05-06T16:57:24","modified_gmt":"2025-05-06T16:57:24","slug":"belegter-bauernkaese","status":"publish","type":"product","link":"https:\/\/kaashandel-enschede.nl\/de\/product\/belegter-bauernkaese\/","title":{"rendered":"Mittelalte Bauernk\u00e4se"},"content":{"rendered":"<p class=\"\" data-start=\"56\" data-end=\"86\"><strong data-start=\"56\" data-end=\"86\">\u201eTraditionell hergestellt\u201c<\/strong><\/p>\n<p class=\"\" data-start=\"88\" data-end=\"115\"><strong data-start=\"88\" data-end=\"115\">\u201eSchmecke den Ursprung\u201c<\/strong><\/p>\n<p class=\"\" data-start=\"117\" data-end=\"543\">Im kleinen Dorf Melissant auf Goeree-Overflakkee befindet sich der Bauernhof von Bauer Mulder. In diesem sch\u00f6nen Familienbetrieb wird das Handwerk der K\u00e4seherstellung schon seit vielen Jahren von Generation zu Generation weitergegeben. <strong data-start=\"353\" data-end=\"383\">Daalder Bauernk\u00e4se Belegen<\/strong> ist perfekt im Geschmack, und man schmeckt das Handwerk in jedem Bissen. Es ist ein echtes Meisterwerk mit einer sch\u00f6nen Herkunft \u2013 und genau das sch\u00e4tzen wir.<\/p>\n<p class=\"\" data-start=\"545\" data-end=\"687\"><strong data-start=\"545\" data-end=\"568\">Zutaten (48+ K\u00e4se):<\/strong><br data-start=\"568\" data-end=\"571\" \/>Pasteurisierte <strong data-start=\"586\" data-end=\"598\">Kuhmilch<\/strong>, <strong data-start=\"600\" data-end=\"608\">Salz<\/strong>, <strong data-start=\"610\" data-end=\"631\">S\u00e4uerungskulturen<\/strong>, <strong data-start=\"633\" data-end=\"640\">Lab<\/strong>, <strong data-start=\"642\" data-end=\"665\">Konservierungsstoff<\/strong>: Natriumnitrat (E251)<\/p>\n<p class=\"\" data-start=\"689\" data-end=\"718\"><strong data-start=\"689\" data-end=\"703\">Allergene:<\/strong><br data-start=\"703\" data-end=\"706\" \/><strong data-start=\"706\" data-end=\"718\">Kuhmilch<\/strong><\/p>\n<p class=\"\" data-start=\"720\" data-end=\"871\"><strong data-start=\"720\" data-end=\"763\">N\u00e4hrwerte (durchschnittlich pro 100 g):<\/strong><br data-start=\"763\" data-end=\"766\" \/>Energie: 1665 kJ \/ 402 kcal<br data-start=\"793\" data-end=\"796\" \/>Eiwei\u00df: 25,0 g<br data-start=\"810\" data-end=\"813\" \/>Kohlenhydrate: 0,1 g<br data-start=\"833\" data-end=\"836\" \/>Fett absolut: 35,1 g<br data-start=\"856\" data-end=\"859\" \/>Salz: 2,20 g<\/p>\n<p class=\"\" data-start=\"873\" data-end=\"1003\">Durch die Naturbelassenheit des K\u00e4ses, die nat\u00fcrliche Reifung und saisonale Einfl\u00fcsse k\u00f6nnen Schwankungen in den Werten auftreten.<\/p>\n","protected":false},"excerpt":{"rendered":"<div class=\"wp-block-column\">\n<div class=\"wp-block-column\">Im kleinen Dorf Melissant auf Goeree-Overflakkee befindet sich der Bauernhof von Bauer Mulder. In diesem sch\u00f6nen Familienbetrieb wird das Handwerk der K\u00e4seherstellung schon seit vielen Jahren von Generation zu Generation weitergegeben.<\/div>\n<\/div>\n","protected":false},"featured_media":5981,"template":"","meta":{"_acf_changed":false},"etheme_brands":[],"product_brand":[],"product_cat":[45],"product_tag":[],"class_list":{"0":"post-5755","1":"product","2":"type-product","3":"status-publish","4":"has-post-thumbnail","6":"product_cat-bauernkase","8":"first","9":"instock","10":"taxable","11":"shipping-taxable","12":"purchasable","13":"product-type-variable","14":"has-default-attributes"},"acf":[],"jetpack_sharing_enabled":true,"_links":{"self":[{"href":"https:\/\/kaashandel-enschede.nl\/de\/wp-json\/wp\/v2\/product\/5755","targetHints":{"allow":["GET"]}}],"collection":[{"href":"https:\/\/kaashandel-enschede.nl\/de\/wp-json\/wp\/v2\/product"}],"about":[{"href":"https:\/\/kaashandel-enschede.nl\/de\/wp-json\/wp\/v2\/types\/product"}],"version-history":[{"count":2,"href":"https:\/\/kaashandel-enschede.nl\/de\/wp-json\/wp\/v2\/product\/5755\/revisions"}],"predecessor-version":[{"id":5965,"href":"https:\/\/kaashandel-enschede.nl\/de\/wp-json\/wp\/v2\/product\/5755\/revisions\/5965"}],"wp:featuredmedia":[{"embeddable":true,"href":"https:\/\/kaashandel-enschede.nl\/de\/wp-json\/wp\/v2\/media\/5981"}],"wp:attachment":[{"href":"https:\/\/kaashandel-enschede.nl\/de\/wp-json\/wp\/v2\/media?parent=5755"}],"wp:term":[{"taxonomy":"brand","embeddable":true,"href":"https:\/\/kaashandel-enschede.nl\/de\/wp-json\/wp\/v2\/etheme_brands?post=5755"},{"taxonomy":"product_brand","embeddable":true,"href":"https:\/\/kaashandel-enschede.nl\/de\/wp-json\/wp\/v2\/product_brand?post=5755"},{"taxonomy":"product_cat","embeddable":true,"href":"https:\/\/kaashandel-enschede.nl\/de\/wp-json\/wp\/v2\/product_cat?post=5755"},{"taxonomy":"product_tag","embeddable":true,"href":"https:\/\/kaashandel-enschede.nl\/de\/wp-json\/wp\/v2\/product_tag?post=5755"}],"curies":[{"name":"wp","href":"https:\/\/api.w.org\/{rel}","templated":true}]}}