{"id":5727,"date":"2025-04-01T09:58:01","date_gmt":"2025-04-01T09:58:01","guid":{"rendered":"https:\/\/kaashandel-enschede.nl\/?post_type=product&#038;p=5727"},"modified":"2025-04-10T13:50:32","modified_gmt":"2025-04-10T13:50:32","slug":"pikanter-bauernkaese","status":"publish","type":"product","link":"https:\/\/kaashandel-enschede.nl\/de\/product\/pikanter-bauernkaese\/","title":{"rendered":"Pikanter Bauernk\u00e4se"},"content":{"rendered":"<div class=\"wp-block-column\"><\/div>\n<p class=\"\" data-start=\"58\" data-end=\"83\"><strong data-start=\"58\" data-end=\"83\">\u201eNach Familienrezept\u201c<\/strong><\/p>\n<p class=\"\" data-start=\"85\" data-end=\"115\">Kr\u00e4ftig, aber nicht zu scharf.<\/p>\n<p class=\"\" data-start=\"117\" data-end=\"546\">K\u00e4seherstellung ist ein Handwerk, aber Bauernk\u00e4se geht noch einen Schritt weiter. Die K\u00e4seproduktion auf dem Bauernhof erfolgt nach alten Familienrezepten, die von Generation zu Generation weitergegeben werden. Manche K\u00e4se entwickeln ihren vollen Geschmack erst nach Monaten, wie der \u201eBauernk\u00e4se Pikant\u201c. W\u00e4hrend der Reifung auf Holzregalen entfaltet dieser K\u00e4se seinen einzigartigen, kr\u00e4ftigen, aber nicht zu scharfen Geschmack.<\/p>\n<p class=\"\" data-start=\"548\" data-end=\"699\"><strong data-start=\"548\" data-end=\"591\">N\u00e4hrwerte (durchschnittlich pro 100 g):<\/strong><br data-start=\"591\" data-end=\"594\" \/>Energie: 1720 kJ \/ 423 kcal<br data-start=\"621\" data-end=\"624\" \/>Eiwei\u00df: 26,0 g<br data-start=\"638\" data-end=\"641\" \/>Kohlenhydrate: 0,1 g<br data-start=\"661\" data-end=\"664\" \/>Fett absolut: 35,1 g<br data-start=\"684\" data-end=\"687\" \/>Salz: 2,30 g<\/p>\n<p class=\"\" data-start=\"701\" data-end=\"831\">Durch die Naturbelassenheit des K\u00e4ses, die nat\u00fcrliche Reifung und saisonale Einfl\u00fcsse k\u00f6nnen Schwankungen in den Werten auftreten.<\/p>\n<p class=\"\" data-start=\"833\" data-end=\"856\"><strong data-start=\"833\" data-end=\"856\">Zutaten (48+ K\u00e4se):<\/strong><\/p>\n<p class=\"\" data-start=\"858\" data-end=\"954\">Pasteurisierte Kuhmilch, Salz, S\u00e4uerungskulturen, Lab, Konservierungsstoff: Natriumnitrat (E251)<\/p>\n<p class=\"\" data-start=\"956\" data-end=\"981\"><strong data-start=\"956\" data-end=\"970\">Allergene:<\/strong><br data-start=\"970\" data-end=\"973\" \/>Kuhmilch<\/p>\n<p>&nbsp;<\/p>\n","protected":false},"excerpt":{"rendered":"<div class=\"wp-block-column\">\n<div class=\"wp-block-column\">\n<div class=\"wp-block-column\">\n<p class=\"\" data-start=\"58\" data-end=\"83\"><strong data-start=\"58\" data-end=\"83\">\u201eNach Familienrezept\u201c<\/strong><\/p>\n<p class=\"\" data-start=\"85\" data-end=\"115\">Kr\u00e4ftig, aber nicht zu scharf.<\/p>\n<\/div>\n<\/div>\n<\/div>\n","protected":false},"featured_media":5985,"template":"","meta":{"_acf_changed":false},"etheme_brands":[],"product_brand":[],"product_cat":[45],"product_tag":[],"class_list":{"0":"post-5727","1":"product","2":"type-product","3":"status-publish","4":"has-post-thumbnail","6":"product_cat-bauernkase","8":"first","9":"instock","10":"taxable","11":"shipping-taxable","12":"purchasable","13":"product-type-variable","14":"has-default-attributes"},"acf":[],"jetpack_sharing_enabled":true,"_links":{"self":[{"href":"https:\/\/kaashandel-enschede.nl\/de\/wp-json\/wp\/v2\/product\/5727","targetHints":{"allow":["GET"]}}],"collection":[{"href":"https:\/\/kaashandel-enschede.nl\/de\/wp-json\/wp\/v2\/product"}],"about":[{"href":"https:\/\/kaashandel-enschede.nl\/de\/wp-json\/wp\/v2\/types\/product"}],"version-history":[{"count":2,"href":"https:\/\/kaashandel-enschede.nl\/de\/wp-json\/wp\/v2\/product\/5727\/revisions"}],"predecessor-version":[{"id":5754,"href":"https:\/\/kaashandel-enschede.nl\/de\/wp-json\/wp\/v2\/product\/5727\/revisions\/5754"}],"wp:featuredmedia":[{"embeddable":true,"href":"https:\/\/kaashandel-enschede.nl\/de\/wp-json\/wp\/v2\/media\/5985"}],"wp:attachment":[{"href":"https:\/\/kaashandel-enschede.nl\/de\/wp-json\/wp\/v2\/media?parent=5727"}],"wp:term":[{"taxonomy":"brand","embeddable":true,"href":"https:\/\/kaashandel-enschede.nl\/de\/wp-json\/wp\/v2\/etheme_brands?post=5727"},{"taxonomy":"product_brand","embeddable":true,"href":"https:\/\/kaashandel-enschede.nl\/de\/wp-json\/wp\/v2\/product_brand?post=5727"},{"taxonomy":"product_cat","embeddable":true,"href":"https:\/\/kaashandel-enschede.nl\/de\/wp-json\/wp\/v2\/product_cat?post=5727"},{"taxonomy":"product_tag","embeddable":true,"href":"https:\/\/kaashandel-enschede.nl\/de\/wp-json\/wp\/v2\/product_tag?post=5727"}],"curies":[{"name":"wp","href":"https:\/\/api.w.org\/{rel}","templated":true}]}}