{"id":5726,"date":"2025-04-01T09:58:01","date_gmt":"2025-04-01T09:58:01","guid":{"rendered":"https:\/\/kaashandel-enschede.nl\/?post_type=product&#038;p=5726"},"modified":"2025-05-06T16:51:31","modified_gmt":"2025-05-06T16:51:31","slug":"nagelkaese-mittelalt","status":"publish","type":"product","link":"https:\/\/kaashandel-enschede.nl\/de\/product\/nagelkaese-mittelalt\/","title":{"rendered":"Nelkenk\u00e4se mittelalt"},"content":{"rendered":"<p>K\u00f6stlicher Friesischer Nagelk\u00e4se ist eine Spezialit\u00e4t aus dem Norden der Niederlande. Bei der Herstellung des K\u00e4ses werden frischer K\u00fcmmel und Gew\u00fcrznelken hinzugef\u00fcgt \u2013 eine perfekte Kombination.<\/p>\n","protected":false},"excerpt":{"rendered":"<p>\u201eK\u00f6stlicher Friesischer Nagelk\u00e4se<\/p>\n","protected":false},"featured_media":5999,"template":"","meta":{"_acf_changed":false},"etheme_brands":[],"product_brand":[],"product_cat":[41],"product_tag":[],"class_list":{"0":"post-5726","1":"product","2":"type-product","3":"status-publish","4":"has-post-thumbnail","6":"product_cat-krauterkase","8":"first","9":"instock","10":"taxable","11":"shipping-taxable","12":"purchasable","13":"product-type-variable"},"acf":[],"jetpack_sharing_enabled":true,"_links":{"self":[{"href":"https:\/\/kaashandel-enschede.nl\/de\/wp-json\/wp\/v2\/product\/5726","targetHints":{"allow":["GET"]}}],"collection":[{"href":"https:\/\/kaashandel-enschede.nl\/de\/wp-json\/wp\/v2\/product"}],"about":[{"href":"https:\/\/kaashandel-enschede.nl\/de\/wp-json\/wp\/v2\/types\/product"}],"version-history":[{"count":2,"href":"https:\/\/kaashandel-enschede.nl\/de\/wp-json\/wp\/v2\/product\/5726\/revisions"}],"predecessor-version":[{"id":5960,"href":"https:\/\/kaashandel-enschede.nl\/de\/wp-json\/wp\/v2\/product\/5726\/revisions\/5960"}],"wp:featuredmedia":[{"embeddable":true,"href":"https:\/\/kaashandel-enschede.nl\/de\/wp-json\/wp\/v2\/media\/5999"}],"wp:attachment":[{"href":"https:\/\/kaashandel-enschede.nl\/de\/wp-json\/wp\/v2\/media?parent=5726"}],"wp:term":[{"taxonomy":"brand","embeddable":true,"href":"https:\/\/kaashandel-enschede.nl\/de\/wp-json\/wp\/v2\/etheme_brands?post=5726"},{"taxonomy":"product_brand","embeddable":true,"href":"https:\/\/kaashandel-enschede.nl\/de\/wp-json\/wp\/v2\/product_brand?post=5726"},{"taxonomy":"product_cat","embeddable":true,"href":"https:\/\/kaashandel-enschede.nl\/de\/wp-json\/wp\/v2\/product_cat?post=5726"},{"taxonomy":"product_tag","embeddable":true,"href":"https:\/\/kaashandel-enschede.nl\/de\/wp-json\/wp\/v2\/product_tag?post=5726"}],"curies":[{"name":"wp","href":"https:\/\/api.w.org\/{rel}","templated":true}]}}