{"id":5725,"date":"2025-04-01T09:58:01","date_gmt":"2025-04-01T09:58:01","guid":{"rendered":"https:\/\/kaashandel-enschede.nl\/?post_type=product&#038;p=5725"},"modified":"2025-05-06T16:58:58","modified_gmt":"2025-05-06T16:58:58","slug":"kaeseschaber","status":"publish","type":"product","link":"https:\/\/kaashandel-enschede.nl\/de\/product\/kaeseschaber\/","title":{"rendered":"K\u00e4se hobel"},"content":{"rendered":"<p>Der perfekte K\u00e4seschaber f\u00fcr K\u00e4se aller Altersstufen \u2013 von jung bis alt, f\u00fcr gleichm\u00e4\u00dfige und pr\u00e4zise Scheiben. Mit seinem ergonomischen Griff liegt er angenehm in der Hand und sorgt f\u00fcr m\u00fcheloses Schneiden. Ideal f\u00fcr die Zubereitung von Sandwiches, K\u00e4seplatten oder einfach zum genussvollen Verzehr. Hergestellt aus hochwertigem Material, garantiert er Langlebigkeit und eine pr\u00e4zise Anwendung bei jedem Schnitt<\/p>\n","protected":false},"excerpt":{"rendered":"<p>Der perfekte K\u00e4seschaber f\u00fcr K\u00e4se aller Altersstufen<\/p>\n","protected":false},"featured_media":6008,"template":"","meta":{"_acf_changed":false},"etheme_brands":[],"product_brand":[],"product_cat":[39],"product_tag":[],"class_list":{"0":"post-5725","1":"product","2":"type-product","3":"status-publish","4":"has-post-thumbnail","6":"product_cat-nicht-kategorisiert","8":"first","9":"instock","10":"taxable","11":"shipping-taxable","12":"purchasable","13":"product-type-simple"},"acf":[],"jetpack_sharing_enabled":true,"_links":{"self":[{"href":"https:\/\/kaashandel-enschede.nl\/de\/wp-json\/wp\/v2\/product\/5725","targetHints":{"allow":["GET"]}}],"collection":[{"href":"https:\/\/kaashandel-enschede.nl\/de\/wp-json\/wp\/v2\/product"}],"about":[{"href":"https:\/\/kaashandel-enschede.nl\/de\/wp-json\/wp\/v2\/types\/product"}],"version-history":[{"count":2,"href":"https:\/\/kaashandel-enschede.nl\/de\/wp-json\/wp\/v2\/product\/5725\/revisions"}],"predecessor-version":[{"id":5966,"href":"https:\/\/kaashandel-enschede.nl\/de\/wp-json\/wp\/v2\/product\/5725\/revisions\/5966"}],"wp:featuredmedia":[{"embeddable":true,"href":"https:\/\/kaashandel-enschede.nl\/de\/wp-json\/wp\/v2\/media\/6008"}],"wp:attachment":[{"href":"https:\/\/kaashandel-enschede.nl\/de\/wp-json\/wp\/v2\/media?parent=5725"}],"wp:term":[{"taxonomy":"brand","embeddable":true,"href":"https:\/\/kaashandel-enschede.nl\/de\/wp-json\/wp\/v2\/etheme_brands?post=5725"},{"taxonomy":"product_brand","embeddable":true,"href":"https:\/\/kaashandel-enschede.nl\/de\/wp-json\/wp\/v2\/product_brand?post=5725"},{"taxonomy":"product_cat","embeddable":true,"href":"https:\/\/kaashandel-enschede.nl\/de\/wp-json\/wp\/v2\/product_cat?post=5725"},{"taxonomy":"product_tag","embeddable":true,"href":"https:\/\/kaashandel-enschede.nl\/de\/wp-json\/wp\/v2\/product_tag?post=5725"}],"curies":[{"name":"wp","href":"https:\/\/api.w.org\/{rel}","templated":true}]}}