{"id":5724,"date":"2025-04-01T09:58:02","date_gmt":"2025-04-01T09:58:02","guid":{"rendered":"https:\/\/kaashandel-enschede.nl\/?post_type=product&#038;p=5724"},"modified":"2025-04-17T15:31:17","modified_gmt":"2025-04-17T15:31:17","slug":"boern-trots","status":"publish","type":"product","link":"https:\/\/kaashandel-enschede.nl\/de\/product\/boern-trots\/","title":{"rendered":"Kleeblatt k\u00e4se"},"content":{"rendered":"<p>Dieser k\u00f6stliche K\u00e4se wird mehrfach mit Karamell gewaschen. Dadurch erh\u00e4lt die Rinde eine sch\u00f6ne tiefbraune Farbe und es entsteht der charakteristische s\u00fc\u00dfe Geschmack. Ein wahres Delikatessenprodukt, das Sie unbedingt probieren m\u00fcssen.<\/p>\n","protected":false},"excerpt":{"rendered":"<p>Dieser k\u00f6stliche K\u00e4se wird mehrfach mit Karamell gewaschen. Dadurch erh\u00e4lt die Rinde eine sch\u00f6ne tiefbraune Farbe und es entsteht der charakteristische s\u00fc\u00dfe Geschmack. Ein wahres Delikatessenprodukt, das Sie unbedingt probieren m\u00fcssen.<\/p>\n","protected":false},"featured_media":0,"template":"","meta":{"_acf_changed":false},"etheme_brands":[],"product_brand":[],"product_cat":[40,46],"product_tag":[],"class_list":{"0":"post-5724","1":"product","2":"type-product","3":"status-publish","5":"product_cat-gouda-kase","6":"product_cat-alter-kase","8":"first","9":"instock","10":"taxable","11":"shipping-taxable","12":"purchasable","13":"product-type-variable","14":"has-default-attributes"},"acf":[],"jetpack_sharing_enabled":true,"_links":{"self":[{"href":"https:\/\/kaashandel-enschede.nl\/de\/wp-json\/wp\/v2\/product\/5724","targetHints":{"allow":["GET"]}}],"collection":[{"href":"https:\/\/kaashandel-enschede.nl\/de\/wp-json\/wp\/v2\/product"}],"about":[{"href":"https:\/\/kaashandel-enschede.nl\/de\/wp-json\/wp\/v2\/types\/product"}],"version-history":[{"count":2,"href":"https:\/\/kaashandel-enschede.nl\/de\/wp-json\/wp\/v2\/product\/5724\/revisions"}],"predecessor-version":[{"id":5924,"href":"https:\/\/kaashandel-enschede.nl\/de\/wp-json\/wp\/v2\/product\/5724\/revisions\/5924"}],"wp:attachment":[{"href":"https:\/\/kaashandel-enschede.nl\/de\/wp-json\/wp\/v2\/media?parent=5724"}],"wp:term":[{"taxonomy":"brand","embeddable":true,"href":"https:\/\/kaashandel-enschede.nl\/de\/wp-json\/wp\/v2\/etheme_brands?post=5724"},{"taxonomy":"product_brand","embeddable":true,"href":"https:\/\/kaashandel-enschede.nl\/de\/wp-json\/wp\/v2\/product_brand?post=5724"},{"taxonomy":"product_cat","embeddable":true,"href":"https:\/\/kaashandel-enschede.nl\/de\/wp-json\/wp\/v2\/product_cat?post=5724"},{"taxonomy":"product_tag","embeddable":true,"href":"https:\/\/kaashandel-enschede.nl\/de\/wp-json\/wp\/v2\/product_tag?post=5724"}],"curies":[{"name":"wp","href":"https:\/\/api.w.org\/{rel}","templated":true}]}}