{"id":5721,"date":"2025-04-01T09:58:02","date_gmt":"2025-04-01T09:58:02","guid":{"rendered":"https:\/\/kaashandel-enschede.nl\/?post_type=product&#038;p=5721"},"modified":"2025-04-10T13:43:46","modified_gmt":"2025-04-10T13:43:46","slug":"bauernkaese-mit-tomaten-und-oliven","status":"publish","type":"product","link":"https:\/\/kaashandel-enschede.nl\/de\/product\/bauernkaese-mit-tomaten-und-oliven\/","title":{"rendered":"Bauernk\u00e4se mit Tomaten und Oliven"},"content":{"rendered":"<p>Ein k\u00f6stlicher Bauernk\u00e4se, verfeinert mit aromatischen Tomaten, Oliven und einem Hauch von Knoblauch \u2013 ein mediterraner Genuss.<\/p>\n","protected":false},"excerpt":{"rendered":"<p><strong>Ein k\u00f6stlicher Bauernk\u00e4se, verfeinert mit aromatischen Tomaten, Oliven und einem Hauch von Knoblauch \u2013 ein mediterraner Genuss.<\/strong><\/p>\n","protected":false},"featured_media":5915,"template":"","meta":{"_acf_changed":false},"etheme_brands":[],"product_brand":[],"product_cat":[41,45],"product_tag":[],"class_list":{"0":"post-5721","1":"product","2":"type-product","3":"status-publish","4":"has-post-thumbnail","6":"product_cat-krauterkase","7":"product_cat-bauernkase","9":"first","10":"instock","11":"taxable","12":"shipping-taxable","13":"purchasable","14":"product-type-variable","15":"has-default-attributes"},"acf":[],"jetpack_sharing_enabled":true,"_links":{"self":[{"href":"https:\/\/kaashandel-enschede.nl\/de\/wp-json\/wp\/v2\/product\/5721","targetHints":{"allow":["GET"]}}],"collection":[{"href":"https:\/\/kaashandel-enschede.nl\/de\/wp-json\/wp\/v2\/product"}],"about":[{"href":"https:\/\/kaashandel-enschede.nl\/de\/wp-json\/wp\/v2\/types\/product"}],"version-history":[{"count":1,"href":"https:\/\/kaashandel-enschede.nl\/de\/wp-json\/wp\/v2\/product\/5721\/revisions"}],"predecessor-version":[{"id":5731,"href":"https:\/\/kaashandel-enschede.nl\/de\/wp-json\/wp\/v2\/product\/5721\/revisions\/5731"}],"wp:featuredmedia":[{"embeddable":true,"href":"https:\/\/kaashandel-enschede.nl\/de\/wp-json\/wp\/v2\/media\/5915"}],"wp:attachment":[{"href":"https:\/\/kaashandel-enschede.nl\/de\/wp-json\/wp\/v2\/media?parent=5721"}],"wp:term":[{"taxonomy":"brand","embeddable":true,"href":"https:\/\/kaashandel-enschede.nl\/de\/wp-json\/wp\/v2\/etheme_brands?post=5721"},{"taxonomy":"product_brand","embeddable":true,"href":"https:\/\/kaashandel-enschede.nl\/de\/wp-json\/wp\/v2\/product_brand?post=5721"},{"taxonomy":"product_cat","embeddable":true,"href":"https:\/\/kaashandel-enschede.nl\/de\/wp-json\/wp\/v2\/product_cat?post=5721"},{"taxonomy":"product_tag","embeddable":true,"href":"https:\/\/kaashandel-enschede.nl\/de\/wp-json\/wp\/v2\/product_tag?post=5721"}],"curies":[{"name":"wp","href":"https:\/\/api.w.org\/{rel}","templated":true}]}}