{"id":5708,"date":"2025-04-01T09:58:13","date_gmt":"2025-04-01T09:58:13","guid":{"rendered":"https:\/\/kaashandel-enschede.nl\/?post_type=product&#038;p=5708"},"modified":"2025-04-10T13:42:03","modified_gmt":"2025-04-10T13:42:03","slug":"alter-kuemmelkaese-48","status":"publish","type":"product","link":"https:\/\/kaashandel-enschede.nl\/de\/product\/alter-kuemmelkaese-48\/","title":{"rendered":"Alter K\u00fcmmelk\u00e4se 48+"},"content":{"rendered":"<p class=\"\" data-start=\"92\" data-end=\"182\"><strong data-start=\"92\" data-end=\"112\">Alter K\u00fcmmelk\u00e4se<\/strong> ist ein herrlich w\u00fcrziger K\u00e4se, der mindestens 12 Monate gereift ist.<\/p>\n<p class=\"\" data-start=\"184\" data-end=\"207\"><strong data-start=\"184\" data-end=\"207\">Zutaten (48+ K\u00e4se):<\/strong><\/p>\n<p class=\"\" data-start=\"209\" data-end=\"369\">Pasteurisierte <strong data-start=\"224\" data-end=\"236\">Kuhmilch<\/strong>, <strong data-start=\"238\" data-end=\"246\">Salz<\/strong>, <strong data-start=\"248\" data-end=\"269\">S\u00e4uerungskulturen<\/strong>, <strong data-start=\"271\" data-end=\"278\">Lab<\/strong>, <strong data-start=\"280\" data-end=\"290\">K\u00fcmmel<\/strong>, <strong data-start=\"292\" data-end=\"315\">Konservierungsstoff<\/strong>: Natriumnitrat (E251), <strong data-start=\"339\" data-end=\"352\">Farbstoff<\/strong>: Annatto (E160b)<\/p>\n<p class=\"\" data-start=\"371\" data-end=\"385\"><strong data-start=\"371\" data-end=\"385\">Allergene:<\/strong><\/p>\n<p class=\"\" data-start=\"387\" data-end=\"399\"><strong data-start=\"387\" data-end=\"399\">Kuhmilch<\/strong><\/p>\n","protected":false},"excerpt":{"rendered":"<p>Alter K\u00fcmmelk\u00e4se ist ein herrlich w\u00fcrziger K\u00e4se, der mindestens 12 Monate gereift ist. Zutaten (48+ K\u00e4se): Pasteurisierte Kuhmilch, Salz, S\u00e4uerungskulturen, Lab, K\u00fcmmel, Konservierungsstoff: Natriumnitrat (E251),&#8230;<\/p>\n","protected":false},"featured_media":5995,"template":"","meta":{"_acf_changed":false},"etheme_brands":[],"product_brand":[],"product_cat":[41],"product_tag":[],"class_list":{"0":"post-5708","1":"product","2":"type-product","3":"status-publish","4":"has-post-thumbnail","6":"product_cat-krauterkase","8":"first","9":"instock","10":"taxable","11":"shipping-taxable","12":"purchasable","13":"product-type-variable","14":"has-default-attributes"},"acf":[],"jetpack_sharing_enabled":true,"_links":{"self":[{"href":"https:\/\/kaashandel-enschede.nl\/de\/wp-json\/wp\/v2\/product\/5708","targetHints":{"allow":["GET"]}}],"collection":[{"href":"https:\/\/kaashandel-enschede.nl\/de\/wp-json\/wp\/v2\/product"}],"about":[{"href":"https:\/\/kaashandel-enschede.nl\/de\/wp-json\/wp\/v2\/types\/product"}],"version-history":[{"count":1,"href":"https:\/\/kaashandel-enschede.nl\/de\/wp-json\/wp\/v2\/product\/5708\/revisions"}],"predecessor-version":[{"id":5720,"href":"https:\/\/kaashandel-enschede.nl\/de\/wp-json\/wp\/v2\/product\/5708\/revisions\/5720"}],"wp:featuredmedia":[{"embeddable":true,"href":"https:\/\/kaashandel-enschede.nl\/de\/wp-json\/wp\/v2\/media\/5995"}],"wp:attachment":[{"href":"https:\/\/kaashandel-enschede.nl\/de\/wp-json\/wp\/v2\/media?parent=5708"}],"wp:term":[{"taxonomy":"brand","embeddable":true,"href":"https:\/\/kaashandel-enschede.nl\/de\/wp-json\/wp\/v2\/etheme_brands?post=5708"},{"taxonomy":"product_brand","embeddable":true,"href":"https:\/\/kaashandel-enschede.nl\/de\/wp-json\/wp\/v2\/product_brand?post=5708"},{"taxonomy":"product_cat","embeddable":true,"href":"https:\/\/kaashandel-enschede.nl\/de\/wp-json\/wp\/v2\/product_cat?post=5708"},{"taxonomy":"product_tag","embeddable":true,"href":"https:\/\/kaashandel-enschede.nl\/de\/wp-json\/wp\/v2\/product_tag?post=5708"}],"curies":[{"name":"wp","href":"https:\/\/api.w.org\/{rel}","templated":true}]}}