{"id":5707,"date":"2025-04-01T09:58:13","date_gmt":"2025-04-01T09:58:13","guid":{"rendered":"https:\/\/kaashandel-enschede.nl\/?post_type=product&#038;p=5707"},"modified":"2025-05-06T16:54:59","modified_gmt":"2025-05-06T16:54:59","slug":"belegter-kuemmelkaese","status":"publish","type":"product","link":"https:\/\/kaashandel-enschede.nl\/de\/product\/belegter-kuemmelkaese\/","title":{"rendered":"K\u00fcmmelk\u00e4se mittelalt"},"content":{"rendered":"<p>Unser mittelalte K\u00fcmmelk\u00e4se ist ein Gouda, dem K\u00fcmmelsamen zugegeben wird, um ihm seinen einzigartigen, w\u00fcrzigen Geschmack zu verleihen. Der K\u00e4se reift 4 Monate und \u00fcberzeugt durch sein kr\u00e4ftiges Aroma.<\/p>\n","protected":false},"excerpt":{"rendered":"<p><strong>Unser belegter K\u00fcmmelk\u00e4se ist ein Gouda, dem K\u00fcmmelsamen zugegeben wird, um ihm seinen einzigartigen, w\u00fcrzigen Geschmack zu verleihen. Der K\u00e4se reift 4 Monate und \u00fcberzeugt durch sein kr\u00e4ftiges Aroma.<br \/>\n<\/strong><\/p>\n","protected":false},"featured_media":5987,"template":"","meta":{"_acf_changed":false},"etheme_brands":[],"product_brand":[],"product_cat":[41],"product_tag":[],"class_list":{"0":"post-5707","1":"product","2":"type-product","3":"status-publish","4":"has-post-thumbnail","6":"product_cat-krauterkase","8":"first","9":"instock","10":"taxable","11":"shipping-taxable","12":"purchasable","13":"product-type-variable","14":"has-default-attributes"},"acf":[],"jetpack_sharing_enabled":true,"_links":{"self":[{"href":"https:\/\/kaashandel-enschede.nl\/de\/wp-json\/wp\/v2\/product\/5707","targetHints":{"allow":["GET"]}}],"collection":[{"href":"https:\/\/kaashandel-enschede.nl\/de\/wp-json\/wp\/v2\/product"}],"about":[{"href":"https:\/\/kaashandel-enschede.nl\/de\/wp-json\/wp\/v2\/types\/product"}],"version-history":[{"count":3,"href":"https:\/\/kaashandel-enschede.nl\/de\/wp-json\/wp\/v2\/product\/5707\/revisions"}],"predecessor-version":[{"id":5963,"href":"https:\/\/kaashandel-enschede.nl\/de\/wp-json\/wp\/v2\/product\/5707\/revisions\/5963"}],"wp:featuredmedia":[{"embeddable":true,"href":"https:\/\/kaashandel-enschede.nl\/de\/wp-json\/wp\/v2\/media\/5987"}],"wp:attachment":[{"href":"https:\/\/kaashandel-enschede.nl\/de\/wp-json\/wp\/v2\/media?parent=5707"}],"wp:term":[{"taxonomy":"brand","embeddable":true,"href":"https:\/\/kaashandel-enschede.nl\/de\/wp-json\/wp\/v2\/etheme_brands?post=5707"},{"taxonomy":"product_brand","embeddable":true,"href":"https:\/\/kaashandel-enschede.nl\/de\/wp-json\/wp\/v2\/product_brand?post=5707"},{"taxonomy":"product_cat","embeddable":true,"href":"https:\/\/kaashandel-enschede.nl\/de\/wp-json\/wp\/v2\/product_cat?post=5707"},{"taxonomy":"product_tag","embeddable":true,"href":"https:\/\/kaashandel-enschede.nl\/de\/wp-json\/wp\/v2\/product_tag?post=5707"}],"curies":[{"name":"wp","href":"https:\/\/api.w.org\/{rel}","templated":true}]}}