{"id":5706,"date":"2025-04-01T09:58:13","date_gmt":"2025-04-01T09:58:13","guid":{"rendered":"https:\/\/kaashandel-enschede.nl\/?post_type=product&#038;p=5706"},"modified":"2025-04-17T18:37:30","modified_gmt":"2025-04-17T18:37:30","slug":"kuemmelkaese-jung-mittelalt","status":"publish","type":"product","link":"https:\/\/kaashandel-enschede.nl\/de\/product\/kuemmelkaese-jung-mittelalt\/","title":{"rendered":"K\u00fcmmelk\u00e4se jung\/mittelalt"},"content":{"rendered":"<p>Unser junger\/mittelalter K\u00fcmmelk\u00e4se ist ein Gouda, der mit K\u00fcmmelsamen verfeinert wird, um seinem Geschmack eine besondere, w\u00fcrzige Note zu verleihen. Er reift f\u00fcr 12 Wochen und \u00fcberzeugt mit seinem aromatischen Charakter.<\/p>\n","protected":false},"excerpt":{"rendered":"<p><strong>Unser junger\/mittelalter K\u00fcmmelk\u00e4se ist ein Gouda, der mit K\u00fcmmelsamen verfeinert wird, um seinem Geschmack eine besondere, w\u00fcrzige Note zu verleihen. Er reift f\u00fcr 12 Wochen und \u00fcberzeugt mit seinem aromatischen Charakter.<br \/>\n<\/strong><\/p>\n","protected":false},"featured_media":5991,"template":"","meta":{"_acf_changed":false},"etheme_brands":[],"product_brand":[],"product_cat":[41],"product_tag":[],"class_list":{"0":"post-5706","1":"product","2":"type-product","3":"status-publish","4":"has-post-thumbnail","6":"product_cat-krauterkase","8":"first","9":"instock","10":"taxable","11":"shipping-taxable","12":"purchasable","13":"product-type-variable","14":"has-default-attributes"},"acf":[],"jetpack_sharing_enabled":true,"_links":{"self":[{"href":"https:\/\/kaashandel-enschede.nl\/de\/wp-json\/wp\/v2\/product\/5706","targetHints":{"allow":["GET"]}}],"collection":[{"href":"https:\/\/kaashandel-enschede.nl\/de\/wp-json\/wp\/v2\/product"}],"about":[{"href":"https:\/\/kaashandel-enschede.nl\/de\/wp-json\/wp\/v2\/types\/product"}],"version-history":[{"count":1,"href":"https:\/\/kaashandel-enschede.nl\/de\/wp-json\/wp\/v2\/product\/5706\/revisions"}],"predecessor-version":[{"id":5712,"href":"https:\/\/kaashandel-enschede.nl\/de\/wp-json\/wp\/v2\/product\/5706\/revisions\/5712"}],"wp:featuredmedia":[{"embeddable":true,"href":"https:\/\/kaashandel-enschede.nl\/de\/wp-json\/wp\/v2\/media\/5991"}],"wp:attachment":[{"href":"https:\/\/kaashandel-enschede.nl\/de\/wp-json\/wp\/v2\/media?parent=5706"}],"wp:term":[{"taxonomy":"brand","embeddable":true,"href":"https:\/\/kaashandel-enschede.nl\/de\/wp-json\/wp\/v2\/etheme_brands?post=5706"},{"taxonomy":"product_brand","embeddable":true,"href":"https:\/\/kaashandel-enschede.nl\/de\/wp-json\/wp\/v2\/product_brand?post=5706"},{"taxonomy":"product_cat","embeddable":true,"href":"https:\/\/kaashandel-enschede.nl\/de\/wp-json\/wp\/v2\/product_cat?post=5706"},{"taxonomy":"product_tag","embeddable":true,"href":"https:\/\/kaashandel-enschede.nl\/de\/wp-json\/wp\/v2\/product_tag?post=5706"}],"curies":[{"name":"wp","href":"https:\/\/api.w.org\/{rel}","templated":true}]}}