{"id":5701,"date":"2025-04-01T09:58:13","date_gmt":"2025-04-01T09:58:13","guid":{"rendered":"https:\/\/kaashandel-enschede.nl\/?post_type=product&#038;p=5701"},"modified":"2025-04-10T13:38:42","modified_gmt":"2025-04-10T13:38:42","slug":"junger-kuemmelkaese","status":"publish","type":"product","link":"https:\/\/kaashandel-enschede.nl\/de\/product\/junger-kuemmelkaese\/","title":{"rendered":"Junger K\u00fcmmelk\u00e4se"},"content":{"rendered":"<p>Unser junger K\u00fcmmelk\u00e4se ist ein milder Gouda, dem K\u00fcmmelsamen direkt bei der Herstellung hinzugef\u00fcgt werden. So entsteht sein typischer, aromatisch-w\u00fcrziger Geschmack \u2013 ein echter Klassiker!<\/p>\n","protected":false},"excerpt":{"rendered":"<p><strong>Unser junger K\u00fcmmelk\u00e4se ist ein milder Gouda, dem K\u00fcmmelsamen direkt bei der Herstellung hinzugef\u00fcgt werden. So entsteht sein typischer, aromatisch-w\u00fcrziger Geschmack \u2013 ein echter Klassiker!<br \/>\n<\/strong><\/p>\n","protected":false},"featured_media":5993,"template":"","meta":{"_acf_changed":false},"etheme_brands":[],"product_brand":[],"product_cat":[41],"product_tag":[],"class_list":{"0":"post-5701","1":"product","2":"type-product","3":"status-publish","4":"has-post-thumbnail","6":"product_cat-krauterkase","8":"first","9":"instock","10":"taxable","11":"shipping-taxable","12":"purchasable","13":"product-type-variable","14":"has-default-attributes"},"acf":[],"jetpack_sharing_enabled":true,"_links":{"self":[{"href":"https:\/\/kaashandel-enschede.nl\/de\/wp-json\/wp\/v2\/product\/5701","targetHints":{"allow":["GET"]}}],"collection":[{"href":"https:\/\/kaashandel-enschede.nl\/de\/wp-json\/wp\/v2\/product"}],"about":[{"href":"https:\/\/kaashandel-enschede.nl\/de\/wp-json\/wp\/v2\/types\/product"}],"version-history":[{"count":1,"href":"https:\/\/kaashandel-enschede.nl\/de\/wp-json\/wp\/v2\/product\/5701\/revisions"}],"predecessor-version":[{"id":5705,"href":"https:\/\/kaashandel-enschede.nl\/de\/wp-json\/wp\/v2\/product\/5701\/revisions\/5705"}],"wp:featuredmedia":[{"embeddable":true,"href":"https:\/\/kaashandel-enschede.nl\/de\/wp-json\/wp\/v2\/media\/5993"}],"wp:attachment":[{"href":"https:\/\/kaashandel-enschede.nl\/de\/wp-json\/wp\/v2\/media?parent=5701"}],"wp:term":[{"taxonomy":"brand","embeddable":true,"href":"https:\/\/kaashandel-enschede.nl\/de\/wp-json\/wp\/v2\/etheme_brands?post=5701"},{"taxonomy":"product_brand","embeddable":true,"href":"https:\/\/kaashandel-enschede.nl\/de\/wp-json\/wp\/v2\/product_brand?post=5701"},{"taxonomy":"product_cat","embeddable":true,"href":"https:\/\/kaashandel-enschede.nl\/de\/wp-json\/wp\/v2\/product_cat?post=5701"},{"taxonomy":"product_tag","embeddable":true,"href":"https:\/\/kaashandel-enschede.nl\/de\/wp-json\/wp\/v2\/product_tag?post=5701"}],"curies":[{"name":"wp","href":"https:\/\/api.w.org\/{rel}","templated":true}]}}