{"id":5696,"date":"2025-04-01T09:58:13","date_gmt":"2025-04-01T09:58:13","guid":{"rendered":"https:\/\/kaashandel-enschede.nl\/?post_type=product&#038;p=5696"},"modified":"2025-04-10T13:22:00","modified_gmt":"2025-04-10T13:22:00","slug":"bauernkaese-mit-bockshornklee","status":"publish","type":"product","link":"https:\/\/kaashandel-enschede.nl\/de\/product\/bauernkaese-mit-bockshornklee\/","title":{"rendered":"Bauernk\u00e4se mit Bockshornklee"},"content":{"rendered":"<p><strong>ein k\u00f6stlicher K\u00e4se direkt vom Bauernhof, verfeinert mit Bockshornklee und einem angenehm nussigen Aroma.<\/strong><\/p>\n","protected":false},"excerpt":{"rendered":"<p><strong>ein k\u00f6stlicher K\u00e4se direkt vom Bauernhof, verfeinert mit Bockshornklee und einem angenehm nussigen Aroma.<\/strong><\/p>\n","protected":false},"featured_media":5905,"template":"","meta":{"_acf_changed":false},"etheme_brands":[],"product_brand":[],"product_cat":[41,45],"product_tag":[],"class_list":{"0":"post-5696","1":"product","2":"type-product","3":"status-publish","4":"has-post-thumbnail","6":"product_cat-krauterkase","7":"product_cat-bauernkase","9":"first","10":"instock","11":"taxable","12":"shipping-taxable","13":"purchasable","14":"product-type-variable","15":"has-default-attributes"},"acf":[],"jetpack_sharing_enabled":true,"_links":{"self":[{"href":"https:\/\/kaashandel-enschede.nl\/de\/wp-json\/wp\/v2\/product\/5696","targetHints":{"allow":["GET"]}}],"collection":[{"href":"https:\/\/kaashandel-enschede.nl\/de\/wp-json\/wp\/v2\/product"}],"about":[{"href":"https:\/\/kaashandel-enschede.nl\/de\/wp-json\/wp\/v2\/types\/product"}],"version-history":[{"count":1,"href":"https:\/\/kaashandel-enschede.nl\/de\/wp-json\/wp\/v2\/product\/5696\/revisions"}],"predecessor-version":[{"id":5700,"href":"https:\/\/kaashandel-enschede.nl\/de\/wp-json\/wp\/v2\/product\/5696\/revisions\/5700"}],"wp:featuredmedia":[{"embeddable":true,"href":"https:\/\/kaashandel-enschede.nl\/de\/wp-json\/wp\/v2\/media\/5905"}],"wp:attachment":[{"href":"https:\/\/kaashandel-enschede.nl\/de\/wp-json\/wp\/v2\/media?parent=5696"}],"wp:term":[{"taxonomy":"brand","embeddable":true,"href":"https:\/\/kaashandel-enschede.nl\/de\/wp-json\/wp\/v2\/etheme_brands?post=5696"},{"taxonomy":"product_brand","embeddable":true,"href":"https:\/\/kaashandel-enschede.nl\/de\/wp-json\/wp\/v2\/product_brand?post=5696"},{"taxonomy":"product_cat","embeddable":true,"href":"https:\/\/kaashandel-enschede.nl\/de\/wp-json\/wp\/v2\/product_cat?post=5696"},{"taxonomy":"product_tag","embeddable":true,"href":"https:\/\/kaashandel-enschede.nl\/de\/wp-json\/wp\/v2\/product_tag?post=5696"}],"curies":[{"name":"wp","href":"https:\/\/api.w.org\/{rel}","templated":true}]}}