{"id":5679,"date":"2025-04-01T09:58:14","date_gmt":"2025-04-01T09:58:14","guid":{"rendered":"https:\/\/kaashandel-enschede.nl\/?post_type=product&#038;p=5679"},"modified":"2025-09-07T11:56:07","modified_gmt":"2025-09-07T11:56:07","slug":"sambal-kaese-scharfe-chili","status":"publish","type":"product","link":"https:\/\/kaashandel-enschede.nl\/de\/product\/sambal-kaese-scharfe-chili\/","title":{"rendered":"Habanero-K\u00e4se (scharfe Chili)"},"content":{"rendered":"<p><strong><em data-start=\"218\" data-end=\"244\">Habanero Hot Chili<\/em><\/strong> \u2013 Ein w\u00fcrziger K\u00e4se mit feuriger note und echtem Biss. F\u00fcr alle, die es scharf m\u00f6gen!<\/p>\n<p>&nbsp;<\/p>\n","protected":false},"excerpt":{"rendered":"<p><strong><em data-start=\"218\" data-end=\"244\">Habanero Hot Chili<\/em><\/strong> \u2013 Ein w\u00fcrziger K\u00e4se mit feuriger note und echtem Biss. F\u00fcr alle, die es scharf m\u00f6gen!<\/p>\n<p>&nbsp;<\/p>\n","protected":false},"featured_media":5572,"template":"","meta":{"_acf_changed":false},"etheme_brands":[],"product_brand":[],"product_cat":[41],"product_tag":[],"class_list":{"0":"post-5679","1":"product","2":"type-product","3":"status-publish","4":"has-post-thumbnail","6":"product_cat-krauterkase","8":"first","9":"instock","10":"taxable","11":"shipping-taxable","12":"purchasable","13":"product-type-variable","14":"has-default-attributes"},"acf":[],"jetpack_sharing_enabled":true,"_links":{"self":[{"href":"https:\/\/kaashandel-enschede.nl\/de\/wp-json\/wp\/v2\/product\/5679","targetHints":{"allow":["GET"]}}],"collection":[{"href":"https:\/\/kaashandel-enschede.nl\/de\/wp-json\/wp\/v2\/product"}],"about":[{"href":"https:\/\/kaashandel-enschede.nl\/de\/wp-json\/wp\/v2\/types\/product"}],"version-history":[{"count":4,"href":"https:\/\/kaashandel-enschede.nl\/de\/wp-json\/wp\/v2\/product\/5679\/revisions"}],"predecessor-version":[{"id":6043,"href":"https:\/\/kaashandel-enschede.nl\/de\/wp-json\/wp\/v2\/product\/5679\/revisions\/6043"}],"wp:featuredmedia":[{"embeddable":true,"href":"https:\/\/kaashandel-enschede.nl\/de\/wp-json\/wp\/v2\/media\/5572"}],"wp:attachment":[{"href":"https:\/\/kaashandel-enschede.nl\/de\/wp-json\/wp\/v2\/media?parent=5679"}],"wp:term":[{"taxonomy":"brand","embeddable":true,"href":"https:\/\/kaashandel-enschede.nl\/de\/wp-json\/wp\/v2\/etheme_brands?post=5679"},{"taxonomy":"product_brand","embeddable":true,"href":"https:\/\/kaashandel-enschede.nl\/de\/wp-json\/wp\/v2\/product_brand?post=5679"},{"taxonomy":"product_cat","embeddable":true,"href":"https:\/\/kaashandel-enschede.nl\/de\/wp-json\/wp\/v2\/product_cat?post=5679"},{"taxonomy":"product_tag","embeddable":true,"href":"https:\/\/kaashandel-enschede.nl\/de\/wp-json\/wp\/v2\/product_tag?post=5679"}],"curies":[{"name":"wp","href":"https:\/\/api.w.org\/{rel}","templated":true}]}}