{"id":5652,"date":"2025-04-01T09:58:14","date_gmt":"2025-04-01T09:58:14","guid":{"rendered":"https:\/\/kaashandel-enschede.nl\/product\/trueffelkaese\/"},"modified":"2025-04-01T09:58:14","modified_gmt":"2025-04-01T09:58:14","slug":"trueffelkaese","status":"publish","type":"product","link":"https:\/\/kaashandel-enschede.nl\/de\/product\/trueffelkaese\/","title":{"rendered":"Tr\u00fcffelk\u00e4se"},"content":{"rendered":"<p>Ein w\u00fcrziger Bauernk\u00e4se mit intensivem Tr\u00fcffelaroma \u2013 ein absoluter Genuss und ein Muss auf jeder K\u00e4seplatte. <\/p>\n<p>&nbsp;<\/p>\n","protected":false},"excerpt":{"rendered":"<p>Ein w\u00fcrziger Bauernk\u00e4se mit intensivem Tr\u00fcffelaroma \u2013 ein absoluter Genuss und ein Muss auf jeder K\u00e4seplatte. <\/p>\n","protected":false},"featured_media":5917,"template":"","meta":{"_acf_changed":false},"etheme_brands":[],"product_brand":[],"product_cat":[41],"product_tag":[],"class_list":{"0":"post-5652","1":"product","2":"type-product","3":"status-publish","4":"has-post-thumbnail","6":"product_cat-krauterkase","8":"first","9":"instock","10":"taxable","11":"shipping-taxable","12":"purchasable","13":"product-type-variable","14":"has-default-attributes"},"acf":[],"jetpack_sharing_enabled":true,"_links":{"self":[{"href":"https:\/\/kaashandel-enschede.nl\/de\/wp-json\/wp\/v2\/product\/5652","targetHints":{"allow":["GET"]}}],"collection":[{"href":"https:\/\/kaashandel-enschede.nl\/de\/wp-json\/wp\/v2\/product"}],"about":[{"href":"https:\/\/kaashandel-enschede.nl\/de\/wp-json\/wp\/v2\/types\/product"}],"version-history":[{"count":0,"href":"https:\/\/kaashandel-enschede.nl\/de\/wp-json\/wp\/v2\/product\/5652\/revisions"}],"wp:featuredmedia":[{"embeddable":true,"href":"https:\/\/kaashandel-enschede.nl\/de\/wp-json\/wp\/v2\/media\/5917"}],"wp:attachment":[{"href":"https:\/\/kaashandel-enschede.nl\/de\/wp-json\/wp\/v2\/media?parent=5652"}],"wp:term":[{"taxonomy":"brand","embeddable":true,"href":"https:\/\/kaashandel-enschede.nl\/de\/wp-json\/wp\/v2\/etheme_brands?post=5652"},{"taxonomy":"product_brand","embeddable":true,"href":"https:\/\/kaashandel-enschede.nl\/de\/wp-json\/wp\/v2\/product_brand?post=5652"},{"taxonomy":"product_cat","embeddable":true,"href":"https:\/\/kaashandel-enschede.nl\/de\/wp-json\/wp\/v2\/product_cat?post=5652"},{"taxonomy":"product_tag","embeddable":true,"href":"https:\/\/kaashandel-enschede.nl\/de\/wp-json\/wp\/v2\/product_tag?post=5652"}],"curies":[{"name":"wp","href":"https:\/\/api.w.org\/{rel}","templated":true}]}}