{"id":5647,"date":"2025-04-01T09:58:14","date_gmt":"2025-04-01T09:58:14","guid":{"rendered":"https:\/\/kaashandel-enschede.nl\/product\/heublumenkaese\/"},"modified":"2025-04-01T09:58:14","modified_gmt":"2025-04-01T09:58:14","slug":"heublumenkaese","status":"publish","type":"product","link":"https:\/\/kaashandel-enschede.nl\/de\/product\/heublumenkaese\/","title":{"rendered":"Heublumenk\u00e4se"},"content":{"rendered":"<h2>K\u00f6stlicher holl\u00e4ndischer K\u00e4se mit Heublumen und Kr\u00e4utern.<\/h2>\n","protected":false},"excerpt":{"rendered":"<p>K\u00f6stlicher holl\u00e4ndischer K\u00e4se mit Heublumen und Kr\u00e4utern.<\/p>\n","protected":false},"featured_media":5932,"template":"","meta":{"_acf_changed":false},"etheme_brands":[],"product_brand":[],"product_cat":[41],"product_tag":[],"class_list":{"0":"post-5647","1":"product","2":"type-product","3":"status-publish","4":"has-post-thumbnail","6":"product_cat-krauterkase","8":"first","9":"instock","10":"taxable","11":"shipping-taxable","12":"purchasable","13":"product-type-variable"},"acf":[],"jetpack_sharing_enabled":true,"_links":{"self":[{"href":"https:\/\/kaashandel-enschede.nl\/de\/wp-json\/wp\/v2\/product\/5647","targetHints":{"allow":["GET"]}}],"collection":[{"href":"https:\/\/kaashandel-enschede.nl\/de\/wp-json\/wp\/v2\/product"}],"about":[{"href":"https:\/\/kaashandel-enschede.nl\/de\/wp-json\/wp\/v2\/types\/product"}],"version-history":[{"count":0,"href":"https:\/\/kaashandel-enschede.nl\/de\/wp-json\/wp\/v2\/product\/5647\/revisions"}],"wp:featuredmedia":[{"embeddable":true,"href":"https:\/\/kaashandel-enschede.nl\/de\/wp-json\/wp\/v2\/media\/5932"}],"wp:attachment":[{"href":"https:\/\/kaashandel-enschede.nl\/de\/wp-json\/wp\/v2\/media?parent=5647"}],"wp:term":[{"taxonomy":"brand","embeddable":true,"href":"https:\/\/kaashandel-enschede.nl\/de\/wp-json\/wp\/v2\/etheme_brands?post=5647"},{"taxonomy":"product_brand","embeddable":true,"href":"https:\/\/kaashandel-enschede.nl\/de\/wp-json\/wp\/v2\/product_brand?post=5647"},{"taxonomy":"product_cat","embeddable":true,"href":"https:\/\/kaashandel-enschede.nl\/de\/wp-json\/wp\/v2\/product_cat?post=5647"},{"taxonomy":"product_tag","embeddable":true,"href":"https:\/\/kaashandel-enschede.nl\/de\/wp-json\/wp\/v2\/product_tag?post=5647"}],"curies":[{"name":"wp","href":"https:\/\/api.w.org\/{rel}","templated":true}]}}