{"id":5645,"date":"2025-04-01T09:58:14","date_gmt":"2025-04-01T09:58:14","guid":{"rendered":"https:\/\/kaashandel-enschede.nl\/product\/snackerpaket\/"},"modified":"2025-05-06T16:52:43","modified_gmt":"2025-05-06T16:52:43","slug":"snackerpaket","status":"publish","type":"product","link":"https:\/\/kaashandel-enschede.nl\/de\/product\/snackerpaket\/","title":{"rendered":"4 sorten k\u00e4sepacket"},"content":{"rendered":"<p>Genussvolles Borrelpaket mit vier verschiedenen Gouda-K\u00e4seecken, verfeinert mit ausgew\u00e4hlten Kr\u00e4utern.<\/p>\n","protected":false},"excerpt":{"rendered":"<p>Genussvolles Borrelpaket mit vier verschiedenen Gouda-K\u00e4seecken, verfeinert mit ausgew\u00e4hlten Kr\u00e4utern.<\/p>\n","protected":false},"featured_media":0,"template":"","meta":{"_acf_changed":false},"etheme_brands":[],"product_brand":[],"product_cat":[40],"product_tag":[],"class_list":{"0":"post-5645","1":"product","2":"type-product","3":"status-publish","5":"product_cat-gouda-kase","7":"first","8":"instock","9":"taxable","10":"shipping-taxable","11":"purchasable","12":"product-type-simple"},"acf":[],"jetpack_sharing_enabled":true,"_links":{"self":[{"href":"https:\/\/kaashandel-enschede.nl\/de\/wp-json\/wp\/v2\/product\/5645","targetHints":{"allow":["GET"]}}],"collection":[{"href":"https:\/\/kaashandel-enschede.nl\/de\/wp-json\/wp\/v2\/product"}],"about":[{"href":"https:\/\/kaashandel-enschede.nl\/de\/wp-json\/wp\/v2\/types\/product"}],"version-history":[{"count":1,"href":"https:\/\/kaashandel-enschede.nl\/de\/wp-json\/wp\/v2\/product\/5645\/revisions"}],"predecessor-version":[{"id":5961,"href":"https:\/\/kaashandel-enschede.nl\/de\/wp-json\/wp\/v2\/product\/5645\/revisions\/5961"}],"wp:attachment":[{"href":"https:\/\/kaashandel-enschede.nl\/de\/wp-json\/wp\/v2\/media?parent=5645"}],"wp:term":[{"taxonomy":"brand","embeddable":true,"href":"https:\/\/kaashandel-enschede.nl\/de\/wp-json\/wp\/v2\/etheme_brands?post=5645"},{"taxonomy":"product_brand","embeddable":true,"href":"https:\/\/kaashandel-enschede.nl\/de\/wp-json\/wp\/v2\/product_brand?post=5645"},{"taxonomy":"product_cat","embeddable":true,"href":"https:\/\/kaashandel-enschede.nl\/de\/wp-json\/wp\/v2\/product_cat?post=5645"},{"taxonomy":"product_tag","embeddable":true,"href":"https:\/\/kaashandel-enschede.nl\/de\/wp-json\/wp\/v2\/product_tag?post=5645"}],"curies":[{"name":"wp","href":"https:\/\/api.w.org\/{rel}","templated":true}]}}